{"id":1082,"date":"2015-02-01T20:13:26","date_gmt":"2015-02-01T18:13:26","guid":{"rendered":"\/?page_id=1082"},"modified":"2015-04-16T10:29:47","modified_gmt":"2015-04-16T07:29:47","slug":"mecsel-brochures","status":"publish","type":"page","link":"https:\/\/www.mecsel.com\/fi\/ratkaisut\/mecsel-esitteet\/","title":{"rendered":"MECSEL-ESITTEET"},"content":{"rendered":"<p><strong>Mecsel\u00ae Watch<\/strong><br \/>\nMecsel Watch j\u00e4rjestelm\u00e4ss\u00e4 on kaikki mit\u00e4 automaattien tuottavassa hallinnoinnissa tarvitaan.<br \/>\n<a title=\"Mecsel Watch\" href=\"\/wp-content\/uploads\/2015\/02\/mecsel_watch_brochure_public_r2.pdf\" target=\"_blank\">Lataa englanninkielinen esite t\u00e4\u00e4lt\u00e4 (pdf)<\/a><\/p>\n<p><strong>Mecsel\u00ae mePay payment App<\/strong><br \/>\nUusinta tekniikkaa hy\u00f6dynt\u00e4v\u00e4 maksuj\u00e4rjestelm\u00e4 kaikkeen itsepalvelumaksamiseen.<br \/>\n<a title=\"Mecsel mePay sovellus\" href=\"\/wp-content\/uploads\/2015\/04\/mepay_brochure_blueline.pdf\" target=\"_blank\">Lataa englanninkielinen esite t\u00e4\u00e4lt\u00e4 (pdf)<\/a><\/p>\n<p><strong>Mecsel\u00ae Smart telemetry hardware<\/strong><br \/>\nSuomessa kehitetty ja valmistettu laatutuote mahdollistaa online yhteydet itsepalvelumaksamiseen ja laitteiden valvontaan.<br \/>\n<a title=\"Mecsel Smart\" href=\"\/wp-content\/uploads\/2015\/04\/smart_brochure_blueline.pdf\" target=\"_blank\">Lataa englanninkielinen esite t\u00e4\u00e4lt\u00e4 (pdf)<\/a><\/p>\n<div id=\"s-share-buttons\" class=\"\"><div class=\"s-single-share\">\n\t\t\t\t\t\t\t\t\t\t\t\t<div class=\"fb-share-button\" data-href=\"https:\/\/www.mecsel.com\/fi\/ratkaisut\/mecsel-esitteet\/\" data-type=\"button\"><\/div>\n\t\t\t\t\t\t\t\t\t\t\t\t<\/div><div class=\"s-single-share\">\n\t\t\t\t\t\t\t\t\t\t\t\t<a href=\"https:\/\/twitter.com\/share\" class=\"twitter-share-button\" data-count=\"none\">Tweet<\/a>\n\t\t\t\t\t\t\t\t\t\t\t\t<\/div><div class=\"s-single-share\">\n\t\t\t\t\t\t\t\t\t\t\t\t\t<script type=\"IN\/Share\"><\/script>\n\t\t\t\t\t\t\t\t\t\t\t\t<\/div><div class=\"s-single-share\">\n\t\t\t\t\t\t\t\t\t\t\t\t<a href=\"mailto:?Subject=MECSEL-ESITTEET&Body=Here%20is%20the%20link%20to%20the%20article:%20https:\/\/www.mecsel.com\/fi\/ratkaisut\/mecsel-esitteet\/\" title=\"Email\" class=\"s3-email\"><img decoding=\"async\" src=\"https:\/\/www.mecsel.com\/wp-content\/plugins\/simple-social-share\/includes\/..\/images\/share-email.png\"><\/a>\n\t\t\t\t\t\t\t\t\t\t\t<\/div><\/div>","protected":false},"excerpt":{"rendered":"<p>Mecsel\u00ae Watch Mecsel Watch j\u00e4rjestelm\u00e4ss\u00e4 on kaikki mit\u00e4 automaattien tuottavassa&#8230;<\/p>\n","protected":false},"author":5,"featured_media":66,"parent":348,"menu_order":5,"comment_status":"closed","ping_status":"closed","template":"page-solutions.php","meta":{"footnotes":""},"class_list":["post-1082","page","type-page","status-publish","has-post-thumbnail","hentry"],"_links":{"self":[{"href":"https:\/\/www.mecsel.com\/fi\/wp-json\/wp\/v2\/pages\/1082","targetHints":{"allow":["GET"]}}],"collection":[{"href":"https:\/\/www.mecsel.com\/fi\/wp-json\/wp\/v2\/pages"}],"about":[{"href":"https:\/\/www.mecsel.com\/fi\/wp-json\/wp\/v2\/types\/page"}],"author":[{"embeddable":true,"href":"https:\/\/www.mecsel.com\/fi\/wp-json\/wp\/v2\/users\/5"}],"replies":[{"embeddable":true,"href":"https:\/\/www.mecsel.com\/fi\/wp-json\/wp\/v2\/comments?post=1082"}],"version-history":[{"count":5,"href":"https:\/\/www.mecsel.com\/fi\/wp-json\/wp\/v2\/pages\/1082\/revisions"}],"predecessor-version":[{"id":1165,"href":"https:\/\/www.mecsel.com\/fi\/wp-json\/wp\/v2\/pages\/1082\/revisions\/1165"}],"up":[{"embeddable":true,"href":"https:\/\/www.mecsel.com\/fi\/wp-json\/wp\/v2\/pages\/348"}],"wp:featuredmedia":[{"embeddable":true,"href":"https:\/\/www.mecsel.com\/fi\/wp-json\/wp\/v2\/media\/66"}],"wp:attachment":[{"href":"https:\/\/www.mecsel.com\/fi\/wp-json\/wp\/v2\/media?parent=1082"}],"curies":[{"name":"wp","href":"https:\/\/api.w.org\/{rel}","templated":true}]}}