{"id":1202,"date":"2015-05-22T15:09:44","date_gmt":"2015-05-22T12:09:44","guid":{"rendered":"\/?page_id=1202"},"modified":"2015-05-24T13:21:37","modified_gmt":"2015-05-24T10:21:37","slug":"mecsel-watch-gets-delivered-to-sinebrychoff","status":"publish","type":"page","link":"https:\/\/www.mecsel.com\/fi\/referenssit-3\/sinebrychoff-juoma-automaattien-online-jarjestelma\/","title":{"rendered":"SinebrycHoff juoma-automaattien online-j\u00e4rjestelm\u00e4"},"content":{"rendered":"<p>Carslberg konserniin kuuluva Sinebrychoff otti k\u00e4ytt\u00f6\u00f6n ajantasaisen juoma-automaattien hallintaohjelman. Vuoden 2014 alussa Carlsbergin kanssa solmittiin sopimus, jossa Full Service Vending (FSV) myyntiautomaattien hallintaj\u00e4rjestelm\u00e4 ulkoistettiin suomalaiselle Mecsel Oy:lle. Tavoitteena oli\u00a0saada j\u00e4rjestelm\u00e4 k\u00e4ytt\u00f6\u00f6n saman vuoden lokakuussa. Toimituksen tuli kattaa automaattien\u00a0tuotteet, eri varastotasot, t\u00e4ytt\u00e4j\u00e4t, autot, t\u00e4yt\u00f6t, myynnit, rahavirrat ja t\u00e4sm\u00e4ytykset. J\u00e4rjestelm\u00e4\u00a0on yhteydess\u00e4 Carlsberg konsernin SAP toiminnanohjausj\u00e4rjestelm\u00e4\u00e4n.<\/p>\n<p><img loading=\"lazy\" decoding=\"async\" class=\"alignleft size-full wp-image-1210\" src=\"\/wp-content\/uploads\/2015\/05\/carlsberg_fi.jpg\" alt=\"carlsberg_fi\" width=\"993\" height=\"539\" srcset=\"https:\/\/www.mecsel.com\/wp-content\/uploads\/2015\/05\/carlsberg_fi.jpg 993w, https:\/\/www.mecsel.com\/wp-content\/uploads\/2015\/05\/carlsberg_fi-300x163.jpg 300w\" sizes=\"auto, (max-width: 993px) 100vw, 993px\" \/><\/p>\n<p>Sinebrychoffin kanavajohtaja Juha Helmisen mukaan \u201duuden FSV-j\u00e4rjestelm\u00e4n k\u00e4ytt\u00f6\u00f6notolle oli varsin tiukat vaatimukset sek\u00e4 projektiaikataulun ett\u00e4 tulevan ratkaisun toiminnallisuuksien osalta. Mecselin joustavuus j\u00e4rjestelm\u00e4\u00e4 rakennusty\u00f6ss\u00e4 ja asiakasyhteisty\u00f6ss\u00e4, sek\u00e4 Sinebrychoffin juomalaitetoiminnan ymm\u00e4rrys\u00a0olivat keskeinen osa projektin menestyksellist\u00e4 toteutusta.\u201d<\/p>\n<p><img loading=\"lazy\" decoding=\"async\" class=\"alignright wp-image-1027 size-medium\" src=\"\/wp-content\/uploads\/2014\/11\/topup-300x276.jpg\" alt=\"TopUp\" width=\"300\" height=\"276\" srcset=\"https:\/\/www.mecsel.com\/wp-content\/uploads\/2014\/11\/topup-300x276.jpg 300w, https:\/\/www.mecsel.com\/wp-content\/uploads\/2014\/11\/topup-1024x942.jpg 1024w, https:\/\/www.mecsel.com\/wp-content\/uploads\/2014\/11\/topup.jpg 1981w\" sizes=\"auto, (max-width: 300px) 100vw, 300px\" \/>J\u00e4rjestelm\u00e4 otettiin k\u00e4ytt\u00f6\u00f6n aikataulun mukaisesti. Toteutettu Mecsel\u00ae Watch j\u00e4rjestelm\u00e4 antaa aikaisempaa<\/p>\n<p>t\u00e4sm\u00e4llisemp\u00e4\u00e4 tietoa mm. reitinohjaukseen ja automaattien t\u00e4ytt\u00e4miseen oikeaan aikaan oikeilla tuotteilla. Online-tieto saadaan Mecsel\u00ae Watch tietokantaan tarkoitusta varten kehitetyll\u00e4 Android Hand Held Terminal (HHT) ohjelmalla ja jokaisessa automaatissa online-yhteytt\u00e4 yll\u00e4pit\u00e4v\u00e4ll\u00e4 Mecsel\u00ae Smart telemetrialaitteella.<\/p>\n<p>J\u00e4rjestelm\u00e4n ansiosta Sinebrychoff pystyy reagoimaan entist\u00e4 nopeammin automaattien t\u00e4ydennystarpeeseen\u00a0tai vikatilanteisiin, ja n\u00e4in varmistamaan keskeytym\u00e4tt\u00f6m\u00e4n tuotesaatavuuden juoma-automaateissaan.<\/p>\n<p>J\u00e4rjestelm\u00e4 avaa my\u00f6s mahdollisuuden pitk\u00e4lle tulevaisuuteen kehitt\u00e4\u00e4 uusia maksutapoja ja muita vuorovaikutteisia palvelumuotoja kuluttajien kanssa.<\/p>\n<p>Mecsel Oy:n toimitusjohtajan Jyrki Virtasen mukaan \u201dProjekti on ollut haastavuudessaan innostava. Mielest\u00e4mme olemme p\u00e4\u00e4sseet tavoitteeseen ja luoneet yhteisty\u00f6ll\u00e4 Sinebrychoff Oy:n ja Carlsberg konsernin kanssa toimivan j\u00e4rjestelm\u00e4n, jota on mahdollisuus kehitt\u00e4\u00e4 edelleen hy\u00f6dynt\u00e4en jatkuvasti kehittyv\u00e4n IT-tekniikan mahdollisuuksia.\u201d<\/p>\n<div id=\"s-share-buttons\" class=\"\"><div class=\"s-single-share\">\n\t\t\t\t\t\t\t\t\t\t\t\t<div class=\"fb-share-button\" data-href=\"https:\/\/www.mecsel.com\/fi\/referenssit-3\/sinebrychoff-juoma-automaattien-online-jarjestelma\/\" data-type=\"button\"><\/div>\n\t\t\t\t\t\t\t\t\t\t\t\t<\/div><div class=\"s-single-share\">\n\t\t\t\t\t\t\t\t\t\t\t\t<a href=\"https:\/\/twitter.com\/share\" class=\"twitter-share-button\" data-count=\"none\">Tweet<\/a>\n\t\t\t\t\t\t\t\t\t\t\t\t<\/div><div class=\"s-single-share\">\n\t\t\t\t\t\t\t\t\t\t\t\t\t<script type=\"IN\/Share\"><\/script>\n\t\t\t\t\t\t\t\t\t\t\t\t<\/div><div class=\"s-single-share\">\n\t\t\t\t\t\t\t\t\t\t\t\t<a href=\"mailto:?Subject=SinebrycHoff%20juoma-automaattien%20online-j\u00e4rjestelm\u00e4&Body=Here%20is%20the%20link%20to%20the%20article:%20https:\/\/www.mecsel.com\/fi\/referenssit-3\/sinebrychoff-juoma-automaattien-online-jarjestelma\/\" title=\"Email\" class=\"s3-email\"><img decoding=\"async\" src=\"https:\/\/www.mecsel.com\/wp-content\/plugins\/simple-social-share\/includes\/..\/images\/share-email.png\"><\/a>\n\t\t\t\t\t\t\t\t\t\t\t<\/div><\/div>","protected":false},"excerpt":{"rendered":"<p>Carslberg konserniin kuuluva Sinebrychoff otti k\u00e4ytt\u00f6\u00f6n ajantasaisen juoma-automaattien hallintaohjelman. Vuoden&#8230;<\/p>\n","protected":false},"author":4,"featured_media":1065,"parent":15,"menu_order":1,"comment_status":"closed","ping_status":"closed","template":"page-references.php","meta":{"footnotes":""},"class_list":["post-1202","page","type-page","status-publish","has-post-thumbnail","hentry"],"_links":{"self":[{"href":"https:\/\/www.mecsel.com\/fi\/wp-json\/wp\/v2\/pages\/1202","targetHints":{"allow":["GET"]}}],"collection":[{"href":"https:\/\/www.mecsel.com\/fi\/wp-json\/wp\/v2\/pages"}],"about":[{"href":"https:\/\/www.mecsel.com\/fi\/wp-json\/wp\/v2\/types\/page"}],"author":[{"embeddable":true,"href":"https:\/\/www.mecsel.com\/fi\/wp-json\/wp\/v2\/users\/4"}],"replies":[{"embeddable":true,"href":"https:\/\/www.mecsel.com\/fi\/wp-json\/wp\/v2\/comments?post=1202"}],"version-history":[{"count":5,"href":"https:\/\/www.mecsel.com\/fi\/wp-json\/wp\/v2\/pages\/1202\/revisions"}],"predecessor-version":[{"id":1205,"href":"https:\/\/www.mecsel.com\/fi\/wp-json\/wp\/v2\/pages\/1202\/revisions\/1205"}],"up":[{"embeddable":true,"href":"https:\/\/www.mecsel.com\/fi\/wp-json\/wp\/v2\/pages\/15"}],"wp:featuredmedia":[{"embeddable":true,"href":"https:\/\/www.mecsel.com\/fi\/wp-json\/wp\/v2\/media\/1065"}],"wp:attachment":[{"href":"https:\/\/www.mecsel.com\/fi\/wp-json\/wp\/v2\/media?parent=1202"}],"curies":[{"name":"wp","href":"https:\/\/api.w.org\/{rel}","templated":true}]}}