{"id":1277,"date":"2015-07-08T19:56:50","date_gmt":"2015-07-08T16:56:50","guid":{"rendered":"\/?page_id=1277"},"modified":"2015-07-30T07:56:52","modified_gmt":"2015-07-30T04:56:52","slug":"newsletter-subscription","status":"publish","type":"page","link":"https:\/\/www.mecsel.com\/fi\/uutiskirje\/","title":{"rendered":"Uutiskirjeen tilaus"},"content":{"rendered":"<p>Voit tilata uutiskirjeemme t\u00e4ytt\u00e4m\u00e4ll\u00e4 s\u00e4hk\u00f6postiosoitteesi alla olevaan lomakkeeseen ja painamalla L\u00e4het\u00e4-painiketta:<\/p>\n<p><script>(function() {\n\twindow.mc4wp = window.mc4wp || {\n\t\tlisteners: [],\n\t\tforms: {\n\t\t\ton: function(evt, cb) {\n\t\t\t\twindow.mc4wp.listeners.push(\n\t\t\t\t\t{\n\t\t\t\t\t\tevent   : evt,\n\t\t\t\t\t\tcallback: cb\n\t\t\t\t\t}\n\t\t\t\t);\n\t\t\t}\n\t\t}\n\t}\n})();\n<\/script><!-- Mailchimp for WordPress v4.12.0 - https:\/\/wordpress.org\/plugins\/mailchimp-for-wp\/ --><form id=\"mc4wp-form-1\" class=\"mc4wp-form mc4wp-form-1349 mc4wp-form-basic\" method=\"post\" data-id=\"1349\" data-name=\"Default sign-up form\" ><div class=\"mc4wp-form-fields\">\r\n\r\n\r\n<p>\r\n\t<label>S\u00e4hk\u00f6postiosoite:<\/label>\r\n\t<input type=\"email\" id=\"mc4wp_email\" name=\"EMAIL\" placeholder=\"S\u00e4hk\u00f6postiosoitteesi\" required \/>\r\n<\/p>\r\n<p>\r\n\t<input type=\"submit\" value=\"L\u00e4het\u00e4\" \/>\r\n<\/p>\r\n<\/div><label style=\"display: none !important;\">Leave this field empty if you're human: <input type=\"text\" name=\"_mc4wp_honeypot\" value=\"\" tabindex=\"-1\" autocomplete=\"off\" \/><\/label><input type=\"hidden\" name=\"_mc4wp_timestamp\" value=\"1776251536\" \/><input type=\"hidden\" name=\"_mc4wp_form_id\" value=\"1349\" \/><input type=\"hidden\" name=\"_mc4wp_form_element_id\" value=\"mc4wp-form-1\" \/><div class=\"mc4wp-response\"><\/div><\/form><!-- \/ Mailchimp for WordPress Plugin -->\r\n\r\n\r\n<p>\r\n\t<label>S\u00e4hk\u00f6postiosoite:<\/label>\r\n\t<input type=\"email\" id=\"mc4wp_email\" name=\"EMAIL\" placeholder=\"S\u00e4hk\u00f6postiosoitteesi\" required \/>\r\n<\/p>\r\n<p>\r\n\t<input type=\"submit\" value=\"L\u00e4het\u00e4\" \/>\r\n<\/p>\r\n<\/div><label style=\"display: none !important;\">Leave this field empty if you're human: <input type=\"text\" name=\"_mc4wp_honeypot\" value=\"\" tabindex=\"-1\" autocomplete=\"off\" \/><\/label><input type=\"hidden\" name=\"_mc4wp_timestamp\" value=\"1776251536\" \/><input type=\"hidden\" name=\"_mc4wp_form_id\" value=\"1349\" \/><input type=\"hidden\" name=\"_mc4wp_form_element_id\" value=\"mc4wp-form-2\" \/><div class=\"mc4wp-response\"><\/div><\/form><!-- \/ Mailchimp for WordPress Plugin --><\/p>\n<div id=\"s-share-buttons\" class=\"\"><div class=\"s-single-share\">\n\t\t\t\t\t\t\t\t\t\t\t\t<div class=\"fb-share-button\" data-href=\"https:\/\/www.mecsel.com\/fi\/uutiskirje\/\" data-type=\"button\"><\/div>\n\t\t\t\t\t\t\t\t\t\t\t\t<\/div><div class=\"s-single-share\">\n\t\t\t\t\t\t\t\t\t\t\t\t<a href=\"https:\/\/twitter.com\/share\" class=\"twitter-share-button\" data-count=\"none\">Tweet<\/a>\n\t\t\t\t\t\t\t\t\t\t\t\t<\/div><div class=\"s-single-share\">\n\t\t\t\t\t\t\t\t\t\t\t\t\t<script type=\"IN\/Share\"><\/script>\n\t\t\t\t\t\t\t\t\t\t\t\t<\/div><div class=\"s-single-share\">\n\t\t\t\t\t\t\t\t\t\t\t\t<a href=\"mailto:?Subject=Uutiskirjeen%20tilaus&Body=Here%20is%20the%20link%20to%20the%20article:%20https:\/\/www.mecsel.com\/fi\/uutiskirje\/\" title=\"Email\" class=\"s3-email\"><img decoding=\"async\" src=\"https:\/\/www.mecsel.com\/wp-content\/plugins\/simple-social-share\/includes\/..\/images\/share-email.png\"><\/a>\n\t\t\t\t\t\t\t\t\t\t\t<\/div><\/div>","protected":false},"excerpt":{"rendered":"<p>Voit tilata uutiskirjeemme t\u00e4ytt\u00e4m\u00e4ll\u00e4 s\u00e4hk\u00f6postiosoitteesi alla olevaan lomakkeeseen ja painamalla&#8230;<\/p>\n","protected":false},"author":18,"featured_media":1065,"parent":0,"menu_order":0,"comment_status":"closed","ping_status":"closed","template":"page-company.php","meta":{"footnotes":""},"class_list":["post-1277","page","type-page","status-publish","has-post-thumbnail","hentry"],"_links":{"self":[{"href":"https:\/\/www.mecsel.com\/fi\/wp-json\/wp\/v2\/pages\/1277","targetHints":{"allow":["GET"]}}],"collection":[{"href":"https:\/\/www.mecsel.com\/fi\/wp-json\/wp\/v2\/pages"}],"about":[{"href":"https:\/\/www.mecsel.com\/fi\/wp-json\/wp\/v2\/types\/page"}],"author":[{"embeddable":true,"href":"https:\/\/www.mecsel.com\/fi\/wp-json\/wp\/v2\/users\/18"}],"replies":[{"embeddable":true,"href":"https:\/\/www.mecsel.com\/fi\/wp-json\/wp\/v2\/comments?post=1277"}],"version-history":[{"count":2,"href":"https:\/\/www.mecsel.com\/fi\/wp-json\/wp\/v2\/pages\/1277\/revisions"}],"predecessor-version":[{"id":1281,"href":"https:\/\/www.mecsel.com\/fi\/wp-json\/wp\/v2\/pages\/1277\/revisions\/1281"}],"wp:featuredmedia":[{"embeddable":true,"href":"https:\/\/www.mecsel.com\/fi\/wp-json\/wp\/v2\/media\/1065"}],"wp:attachment":[{"href":"https:\/\/www.mecsel.com\/fi\/wp-json\/wp\/v2\/media?parent=1277"}],"curies":[{"name":"wp","href":"https:\/\/api.w.org\/{rel}","templated":true}]}}