{"id":14,"date":"2014-08-07T16:49:04","date_gmt":"2014-08-07T13:49:04","guid":{"rendered":"\/?page_id=14"},"modified":"2025-07-14T12:39:33","modified_gmt":"2025-07-14T09:39:33","slug":"solutions","status":"publish","type":"page","link":"https:\/\/www.mecsel.com\/fi\/kayttoymparistot\/","title":{"rendered":"K\u00e4ytt\u00f6ymp\u00e4rist\u00f6t"},"content":{"rendered":"<p>Mecsel palvelukonaisuus mahdollistaa itespalvelualaitteiden et\u00e4yhteydet, liiketoiminnan hallinnan ja maksamisen erilaisissa k\u00e4ytt\u00f6ymp\u00e4rist\u00f6iss\u00e4.<\/p>\n<h6>ONLINE LIS\u00c4\u00c4 KANNATTAVUUTTA!<\/h6>\n<p>Hy\u00f6dynn\u00e4tk\u00f6 t\u00e4ysin itsepalvelulaitteiden tuottopotentiaalin? Kytkem\u00e4ll\u00e4 itsepalvelulaitteet online yhteyteen mahdollistat ajantasaisen valvonnan. Saat reaaliaikasta tietoa myynneist\u00e4, kuluttajien k\u00e4ytt\u00e4ytymisest\u00e4 ja tuotteista.<\/p>\n<h6>MODERNIT MAKSUTAVAT LIS\u00c4\u00c4V\u00c4T MYYNTI\u00c4!<\/h6>\n<p>Hy\u00f6dynn\u00e4tk\u00f6 itsepalvelulaitteiden myyntipotentiaalin?<\/p>\n<p>Mecselin maksuratkaisut tekev\u00e4t asioinnista nopeaa, vaivatonta ja miellytt\u00e4v\u00e4\u00e4, mik\u00e4 lis\u00e4\u00e4 k\u00e4ytt\u00f6\u00e4 ja kasvattaa myynti\u00e4. Kun maksaminen on sujuvaa, asiakkaat k\u00e4ytt\u00e4v\u00e4t itsepalvelulaitteita useammin \u2013 ja palaavat uudelleen.<\/p>\n<ul>\n<li data-start=\"509\" data-end=\"646\">Helppo k\u00e4ytt\u00f6\u00f6notto<\/li>\n<li data-start=\"509\" data-end=\"646\">Toimii kaikilla suosituilla maksutavoilla &#8211; ApplePay, GooglePay, MobilePay, yms.<\/li>\n<li data-start=\"509\" data-end=\"646\">Kuluttaja suosii k\u00e4nnyk\u00e4ll\u00e4 maksamista &#8211; helpoiten k\u00e4sill\u00e4 oleva maksuv\u00e4line.<\/li>\n<li data-start=\"509\" data-end=\"646\">Skaalautuu erilaisiin tarpeisiin ja liiketoimintaymp\u00e4rist\u00f6ihin<\/li>\n<\/ul>\n<p data-start=\"648\" data-end=\"688\"><strong>Maksuratkaisu, joka toimii \u2013 ja myy!<\/strong><\/p>\n<h6>VARAUDU TULEVAISUUTEEN ET\u00c4P\u00c4IVITETT\u00c4V\u00c4LL\u00c4 J\u00c4RJESTELM\u00c4LL\u00c4, JOKA ON VALMIS LIIKETOIMINNASSA JA K\u00c4YTT\u00d6YMP\u00c4RIST\u00d6SS\u00c4 TAPAHTUVIIN MUUTOKSIIN!<\/h6>\n<p>Mecsel palvelut antavat valmiuden tulevaisuuden mahdollisuuksiin. Itsepalvelulaitteet voidaan kytke\u00e4 Mecsel Oy:n pilvipalvelimessa toimivaan taustaj\u00e4rjestelm\u00e4\u00e4n. Mecsel Oy tarjoaa koko palveluketjun k\u00e4ytt\u00f6ymp\u00e4rist\u00f6\u00f6n.<\/p>\n<p>Erilaisia k\u00e4ytt\u00f6ymp\u00e4rist\u00f6j\u00e4:<\/p>\n<h6><\/h6>\n<ul>\n<li>Myyntiautomaatit<\/li>\n<li>Kahvilaitteet<\/li>\n<li>Tankkaus<\/li>\n<li>Pys\u00e4k\u00f6inti<\/li>\n<li>Autopesu ja huoltamolaitteet<\/li>\n<li>S\u00e4hk\u00f6auton latauspisteet<\/li>\n<li>\n<div>Peliautomaatit ja huvilaitteet<\/div>\n<\/li>\n<li>\n<div>Muut itsepalvelulaitteet ja -tilat<\/div>\n<\/li>\n<\/ul>\n<p><\/p>\n<div id=\"s-share-buttons\" class=\"\"><div class=\"s-single-share\">\n\t\t\t\t\t\t\t\t\t\t\t\t<div class=\"fb-share-button\" data-href=\"https:\/\/www.mecsel.com\/fi\/kayttoymparistot\/\" data-type=\"button\"><\/div>\n\t\t\t\t\t\t\t\t\t\t\t\t<\/div><div class=\"s-single-share\">\n\t\t\t\t\t\t\t\t\t\t\t\t<a href=\"https:\/\/twitter.com\/share\" class=\"twitter-share-button\" data-count=\"none\">Tweet<\/a>\n\t\t\t\t\t\t\t\t\t\t\t\t<\/div><div class=\"s-single-share\">\n\t\t\t\t\t\t\t\t\t\t\t\t\t<script type=\"IN\/Share\"><\/script>\n\t\t\t\t\t\t\t\t\t\t\t\t<\/div><div class=\"s-single-share\">\n\t\t\t\t\t\t\t\t\t\t\t\t<a href=\"mailto:?Subject=K\u00e4ytt\u00f6ymp\u00e4rist\u00f6t&Body=Here%20is%20the%20link%20to%20the%20article:%20https:\/\/www.mecsel.com\/fi\/kayttoymparistot\/\" title=\"Email\" class=\"s3-email\"><img decoding=\"async\" src=\"https:\/\/www.mecsel.com\/wp-content\/plugins\/simple-social-share\/includes\/..\/images\/share-email.png\"><\/a>\n\t\t\t\t\t\t\t\t\t\t\t<\/div><\/div>","protected":false},"excerpt":{"rendered":"<p>Mecsel palvelukonaisuus mahdollistaa itespalvelualaitteiden et\u00e4yhteydet, liiketoiminnan hallinnan ja maksamisen erilaisissa&#8230;<\/p>\n","protected":false},"author":18,"featured_media":66,"parent":0,"menu_order":4,"comment_status":"closed","ping_status":"closed","template":"page-user-environments.php","meta":{"footnotes":""},"class_list":["post-14","page","type-page","status-publish","has-post-thumbnail","hentry"],"_links":{"self":[{"href":"https:\/\/www.mecsel.com\/fi\/wp-json\/wp\/v2\/pages\/14","targetHints":{"allow":["GET"]}}],"collection":[{"href":"https:\/\/www.mecsel.com\/fi\/wp-json\/wp\/v2\/pages"}],"about":[{"href":"https:\/\/www.mecsel.com\/fi\/wp-json\/wp\/v2\/types\/page"}],"author":[{"embeddable":true,"href":"https:\/\/www.mecsel.com\/fi\/wp-json\/wp\/v2\/users\/18"}],"replies":[{"embeddable":true,"href":"https:\/\/www.mecsel.com\/fi\/wp-json\/wp\/v2\/comments?post=14"}],"version-history":[{"count":9,"href":"https:\/\/www.mecsel.com\/fi\/wp-json\/wp\/v2\/pages\/14\/revisions"}],"predecessor-version":[{"id":2048,"href":"https:\/\/www.mecsel.com\/fi\/wp-json\/wp\/v2\/pages\/14\/revisions\/2048"}],"wp:featuredmedia":[{"embeddable":true,"href":"https:\/\/www.mecsel.com\/fi\/wp-json\/wp\/v2\/media\/66"}],"wp:attachment":[{"href":"https:\/\/www.mecsel.com\/fi\/wp-json\/wp\/v2\/media?parent=14"}],"curies":[{"name":"wp","href":"https:\/\/api.w.org\/{rel}","templated":true}]}}