{"id":15,"date":"2014-08-07T16:49:13","date_gmt":"2014-08-07T13:49:13","guid":{"rendered":"\/?page_id=15"},"modified":"2015-05-24T13:08:24","modified_gmt":"2015-05-24T10:08:24","slug":"references","status":"publish","type":"page","link":"https:\/\/www.mecsel.com\/fi\/referenssit-3\/","title":{"rendered":"Referenssit"},"content":{"rendered":"<p><\/p>\n<\/p>\n<h6>T\u00c4SS\u00c4 TULLAAN LAHIAIKOINA JULKAISEMAAN KIINTOISIA ASIAKASTAPAUKSIA<\/h6>\n<p>Noin 30 000 erilaista Mecsel Oy:n toimittamaa itsepalvelulaitetta on p\u00e4ivitt\u00e4in kuluttajien k\u00e4yt\u00f6ss\u00e4 ymp\u00e4ri Suomea.<\/p>\n<p>Mecsel\u00ae Smart toimitukset ovat malliesimerkkej\u00e4 siit\u00e4 miten uudella huipputekniikalla voidaan saada olemassa olevasta itsepalvelulaitteesta enemm\u00e4n tuottoa. Mecsel ratkaisumalli mahdollistaa mobiilimaksamisen, teknisen valvonnan ja automaattihallinnon, sis\u00e4lt\u00e4en mm. myyntitilastot ja yritysjohdon tarvitseman datan.<br \/>\nSuomessa Mecsel\u00ae Smart asennuksia on jo n. 7000.<\/p>\n<p>OTA MIELELL\u00c4\u00c4N YHTEYTT\u00c4 MIK\u00c4LI OLET KIINNOSTUNUT ESITTELEM\u00c4\u00c4N OMAN MENESTYSTARINASI T\u00c4SS\u00c4!\n<\/p>\n<\/p>\n<p><\/p>\n<div id=\"s-share-buttons\" class=\"\"><div class=\"s-single-share\">\n\t\t\t\t\t\t\t\t\t\t\t\t<div class=\"fb-share-button\" data-href=\"https:\/\/www.mecsel.com\/fi\/referenssit-3\/\" data-type=\"button\"><\/div>\n\t\t\t\t\t\t\t\t\t\t\t\t<\/div><div class=\"s-single-share\">\n\t\t\t\t\t\t\t\t\t\t\t\t<a href=\"https:\/\/twitter.com\/share\" class=\"twitter-share-button\" data-count=\"none\">Tweet<\/a>\n\t\t\t\t\t\t\t\t\t\t\t\t<\/div><div class=\"s-single-share\">\n\t\t\t\t\t\t\t\t\t\t\t\t\t<script type=\"IN\/Share\"><\/script>\n\t\t\t\t\t\t\t\t\t\t\t\t<\/div><div class=\"s-single-share\">\n\t\t\t\t\t\t\t\t\t\t\t\t<a href=\"mailto:?Subject=Referenssit&Body=Here%20is%20the%20link%20to%20the%20article:%20https:\/\/www.mecsel.com\/fi\/referenssit-3\/\" title=\"Email\" class=\"s3-email\"><img decoding=\"async\" src=\"https:\/\/www.mecsel.com\/wp-content\/plugins\/simple-social-share\/includes\/..\/images\/share-email.png\"><\/a>\n\t\t\t\t\t\t\t\t\t\t\t<\/div><\/div>","protected":false},"excerpt":{"rendered":"<p>T\u00c4SS\u00c4 TULLAAN LAHIAIKOINA JULKAISEMAAN KIINTOISIA ASIAKASTAPAUKSIA Noin 30 000 erilaista&#8230;<\/p>\n","protected":false},"author":18,"featured_media":66,"parent":0,"menu_order":5,"comment_status":"closed","ping_status":"closed","template":"page-references.php","meta":{"footnotes":""},"class_list":["post-15","page","type-page","status-publish","has-post-thumbnail","hentry"],"_links":{"self":[{"href":"https:\/\/www.mecsel.com\/fi\/wp-json\/wp\/v2\/pages\/15","targetHints":{"allow":["GET"]}}],"collection":[{"href":"https:\/\/www.mecsel.com\/fi\/wp-json\/wp\/v2\/pages"}],"about":[{"href":"https:\/\/www.mecsel.com\/fi\/wp-json\/wp\/v2\/types\/page"}],"author":[{"embeddable":true,"href":"https:\/\/www.mecsel.com\/fi\/wp-json\/wp\/v2\/users\/18"}],"replies":[{"embeddable":true,"href":"https:\/\/www.mecsel.com\/fi\/wp-json\/wp\/v2\/comments?post=15"}],"version-history":[{"count":5,"href":"https:\/\/www.mecsel.com\/fi\/wp-json\/wp\/v2\/pages\/15\/revisions"}],"predecessor-version":[{"id":1226,"href":"https:\/\/www.mecsel.com\/fi\/wp-json\/wp\/v2\/pages\/15\/revisions\/1226"}],"wp:featuredmedia":[{"embeddable":true,"href":"https:\/\/www.mecsel.com\/fi\/wp-json\/wp\/v2\/media\/66"}],"wp:attachment":[{"href":"https:\/\/www.mecsel.com\/fi\/wp-json\/wp\/v2\/media?parent=15"}],"curies":[{"name":"wp","href":"https:\/\/api.w.org\/{rel}","templated":true}]}}