{"id":16,"date":"2014-08-07T16:49:24","date_gmt":"2014-08-07T13:49:24","guid":{"rendered":"\/?page_id=16"},"modified":"2021-03-08T09:19:41","modified_gmt":"2021-03-08T07:19:41","slug":"contact","status":"publish","type":"page","link":"https:\/\/www.mecsel.com\/fi\/yhteystiedot\/","title":{"rendered":"Yhteystiedot"},"content":{"rendered":"<p>Laitilankuja 5<br \/>\nFI-00420 Helsinki<br \/>\nFINLAND<\/p>\n<p>Puhelin<br \/>\n+358 40 3527526<\/p>\n<p>S\u00e4hk\u00f6posti<br \/>\nmail(at)mecsel.com<br \/>\nS\u00e4hk\u00f6posti kontaktihenkil\u00f6lle<br \/>\netunimi.sukunimi(at)mecsel.com<\/p>\n<p>Mecsel Oy:n verkkolaskuosoite<br \/>\nFI29 8000 1301 1637 71<br \/>\nOperaattori<br \/>\nDanske Bank (DABAFIHH)Laitilankuja 5<br \/>\nFI-00420 Helsinki<br \/>\nFINLAND<\/p>\n<p>&nbsp;<\/p>\n<div id=\"s-share-buttons\" class=\"\"><div class=\"s-single-share\">\n\t\t\t\t\t\t\t\t\t\t\t\t<div class=\"fb-share-button\" data-href=\"https:\/\/www.mecsel.com\/fi\/yhteystiedot\/\" data-type=\"button\"><\/div>\n\t\t\t\t\t\t\t\t\t\t\t\t<\/div><div class=\"s-single-share\">\n\t\t\t\t\t\t\t\t\t\t\t\t<a href=\"https:\/\/twitter.com\/share\" class=\"twitter-share-button\" data-count=\"none\">Tweet<\/a>\n\t\t\t\t\t\t\t\t\t\t\t\t<\/div><div class=\"s-single-share\">\n\t\t\t\t\t\t\t\t\t\t\t\t\t<script type=\"IN\/Share\"><\/script>\n\t\t\t\t\t\t\t\t\t\t\t\t<\/div><div class=\"s-single-share\">\n\t\t\t\t\t\t\t\t\t\t\t\t<a href=\"mailto:?Subject=Yhteystiedot&Body=Here%20is%20the%20link%20to%20the%20article:%20https:\/\/www.mecsel.com\/fi\/yhteystiedot\/\" title=\"Email\" class=\"s3-email\"><img decoding=\"async\" src=\"https:\/\/www.mecsel.com\/wp-content\/plugins\/simple-social-share\/includes\/..\/images\/share-email.png\"><\/a>\n\t\t\t\t\t\t\t\t\t\t\t<\/div><\/div>","protected":false},"excerpt":{"rendered":"<p>Laitilankuja 5 FI-00420 Helsinki FINLAND Puhelin +358 40 3527526 S\u00e4hk\u00f6posti&#8230;<\/p>\n","protected":false},"author":18,"featured_media":0,"parent":0,"menu_order":6,"comment_status":"closed","ping_status":"closed","template":"page-contact.php","meta":{"footnotes":""},"class_list":["post-16","page","type-page","status-publish","hentry"],"_links":{"self":[{"href":"https:\/\/www.mecsel.com\/fi\/wp-json\/wp\/v2\/pages\/16","targetHints":{"allow":["GET"]}}],"collection":[{"href":"https:\/\/www.mecsel.com\/fi\/wp-json\/wp\/v2\/pages"}],"about":[{"href":"https:\/\/www.mecsel.com\/fi\/wp-json\/wp\/v2\/types\/page"}],"author":[{"embeddable":true,"href":"https:\/\/www.mecsel.com\/fi\/wp-json\/wp\/v2\/users\/18"}],"replies":[{"embeddable":true,"href":"https:\/\/www.mecsel.com\/fi\/wp-json\/wp\/v2\/comments?post=16"}],"version-history":[{"count":5,"href":"https:\/\/www.mecsel.com\/fi\/wp-json\/wp\/v2\/pages\/16\/revisions"}],"predecessor-version":[{"id":1978,"href":"https:\/\/www.mecsel.com\/fi\/wp-json\/wp\/v2\/pages\/16\/revisions\/1978"}],"wp:attachment":[{"href":"https:\/\/www.mecsel.com\/fi\/wp-json\/wp\/v2\/media?parent=16"}],"curies":[{"name":"wp","href":"https:\/\/api.w.org\/{rel}","templated":true}]}}