{"id":262,"date":"2014-08-29T00:02:48","date_gmt":"2014-08-28T21:02:48","guid":{"rendered":"\/?page_id=262"},"modified":"2025-06-25T14:32:14","modified_gmt":"2025-06-25T11:32:14","slug":"fuel-dispensers","status":"publish","type":"page","link":"https:\/\/www.mecsel.com\/fi\/kayttoymparistot\/bensiiniautomaatit\/","title":{"rendered":"Tankkaus"},"content":{"rendered":"<p><img loading=\"lazy\" decoding=\"async\" class=\"alignright wp-image-1007\" style=\"max-width: 30%;\" src=\"\/wp-content\/uploads\/2014\/08\/fuel_300x300.png\" alt=\"\" width=\"150\" height=\"150\" srcset=\"https:\/\/www.mecsel.com\/wp-content\/uploads\/2014\/08\/fuel_300x300.png 300w, https:\/\/www.mecsel.com\/wp-content\/uploads\/2014\/08\/fuel_300x300-150x150.png 150w\" sizes=\"auto, (max-width: 150px) 100vw, 150px\" \/>Mecsel on ollut kehitt\u00e4m\u00e4ss\u00e4 ja integroimassa setelintunnistajia huoltoasemien maksuyksik\u00f6ihin.<\/p>\n<p>Mecsel Oy:n toimittamat ja laadukkaat tunnistajat ovat k\u00e4ytetyimm\u00e4t setelintunnistajat Suomessa.<\/p>\n<p>Mecsel\u00ae Smart laite on edullinen tapa integroida setelintunnistaja maksuterminaaliin. Laite mahdollistaa \u00e4lypuhelinsovelluksen k\u00e4ytt\u00f6\u00f6noton polttoainemaksamisessa. Sovelluksen takana on vankka kokemus luottokorttimaksamisesta. Monet muut maksutavat kuten huoltoasemaketjun oma kortti voi olla my\u00f6s maksutapana maksettaessa \u00e4lypuhelimella.<\/p>\n<h6>MECSEL \u00c4LYPUHELINMAKSAMINEN ALOITTAA IHAN UUDEN AIKAKAUDEN MAKSAMISESSA<\/h6>\n<p>Applikaatio tekee maksamisesta helpomman kuin koskaan ja hoitaa samalla kuitit j\u00e4rjestykseen, kadonneet kuitit ovat sovelluksen k\u00e4ytt\u00e4j\u00e4lle historiaa.<\/p>\n<div id=\"s-share-buttons\" class=\"\"><div class=\"s-single-share\">\n\t\t\t\t\t\t\t\t\t\t\t\t<div class=\"fb-share-button\" data-href=\"https:\/\/www.mecsel.com\/fi\/kayttoymparistot\/bensiiniautomaatit\/\" data-type=\"button\"><\/div>\n\t\t\t\t\t\t\t\t\t\t\t\t<\/div><div class=\"s-single-share\">\n\t\t\t\t\t\t\t\t\t\t\t\t<a href=\"https:\/\/twitter.com\/share\" class=\"twitter-share-button\" data-count=\"none\">Tweet<\/a>\n\t\t\t\t\t\t\t\t\t\t\t\t<\/div><div class=\"s-single-share\">\n\t\t\t\t\t\t\t\t\t\t\t\t\t<script type=\"IN\/Share\"><\/script>\n\t\t\t\t\t\t\t\t\t\t\t\t<\/div><div class=\"s-single-share\">\n\t\t\t\t\t\t\t\t\t\t\t\t<a href=\"mailto:?Subject=Tankkaus&Body=Here%20is%20the%20link%20to%20the%20article:%20https:\/\/www.mecsel.com\/fi\/kayttoymparistot\/bensiiniautomaatit\/\" title=\"Email\" class=\"s3-email\"><img decoding=\"async\" src=\"https:\/\/www.mecsel.com\/wp-content\/plugins\/simple-social-share\/includes\/..\/images\/share-email.png\"><\/a>\n\t\t\t\t\t\t\t\t\t\t\t<\/div><\/div>","protected":false},"excerpt":{"rendered":"<p>Mecsel on ollut kehitt\u00e4m\u00e4ss\u00e4 ja integroimassa setelintunnistajia huoltoasemien maksuyksik\u00f6ihin. Mecsel&#8230;<\/p>\n","protected":false},"author":4,"featured_media":66,"parent":14,"menu_order":0,"comment_status":"closed","ping_status":"closed","template":"page-user-environments.php","meta":{"footnotes":""},"class_list":["post-262","page","type-page","status-publish","has-post-thumbnail","hentry"],"_links":{"self":[{"href":"https:\/\/www.mecsel.com\/fi\/wp-json\/wp\/v2\/pages\/262","targetHints":{"allow":["GET"]}}],"collection":[{"href":"https:\/\/www.mecsel.com\/fi\/wp-json\/wp\/v2\/pages"}],"about":[{"href":"https:\/\/www.mecsel.com\/fi\/wp-json\/wp\/v2\/types\/page"}],"author":[{"embeddable":true,"href":"https:\/\/www.mecsel.com\/fi\/wp-json\/wp\/v2\/users\/4"}],"replies":[{"embeddable":true,"href":"https:\/\/www.mecsel.com\/fi\/wp-json\/wp\/v2\/comments?post=262"}],"version-history":[{"count":6,"href":"https:\/\/www.mecsel.com\/fi\/wp-json\/wp\/v2\/pages\/262\/revisions"}],"predecessor-version":[{"id":2030,"href":"https:\/\/www.mecsel.com\/fi\/wp-json\/wp\/v2\/pages\/262\/revisions\/2030"}],"up":[{"embeddable":true,"href":"https:\/\/www.mecsel.com\/fi\/wp-json\/wp\/v2\/pages\/14"}],"wp:featuredmedia":[{"embeddable":true,"href":"https:\/\/www.mecsel.com\/fi\/wp-json\/wp\/v2\/media\/66"}],"wp:attachment":[{"href":"https:\/\/www.mecsel.com\/fi\/wp-json\/wp\/v2\/media?parent=262"}],"curies":[{"name":"wp","href":"https:\/\/api.w.org\/{rel}","templated":true}]}}