{"id":265,"date":"2014-08-29T00:03:53","date_gmt":"2014-08-28T21:03:53","guid":{"rendered":"\/?page_id=265"},"modified":"2014-10-16T23:47:36","modified_gmt":"2014-10-16T20:47:36","slug":"car-wash-machines","status":"publish","type":"page","link":"https:\/\/www.mecsel.com\/fi\/kayttoymparistot\/autopesuautomaatit\/","title":{"rendered":"Autopesu"},"content":{"rendered":"<p><img loading=\"lazy\" decoding=\"async\" class=\"alignright wp-image-1004\" style=\"max-width: 30%;\" src=\"\/wp-content\/uploads\/2014\/08\/wash_300x300.png\" alt=\"\" width=\"150\" height=\"150\" srcset=\"https:\/\/www.mecsel.com\/wp-content\/uploads\/2014\/08\/wash_300x300.png 300w, https:\/\/www.mecsel.com\/wp-content\/uploads\/2014\/08\/wash_300x300-150x150.png 150w\" sizes=\"auto, (max-width: 150px) 100vw, 150px\" \/>Autopesun varaaminen ja maksaminen \u00e4lypuhelimen sovelluksella helpottaa autoilijan el\u00e4m\u00e4\u00e4.<\/p>\n<p>Mecsel Oy:n\u00a0mePay\u2122 sovellus toimii my\u00f6s autopesussa.<\/p>\n<p>Sovellus tallettaa automaattisesti my\u00f6s pesukuitit. Kadonneet kuitit eiv\u00e4t en\u00e4\u00e4 aiheuta ylim\u00e4\u00e4r\u00e4ist\u00e4 p\u00e4\u00e4nvaivaa.<\/p>\n<p>Pesuyritt\u00e4j\u00e4n on helpompi saada lis\u00e4\u00e4 asiakasuskollisuutta ja tarjota palvelujaan vuorovaikutteisesti, oikeaan aikaan ja sijaintiin perustuen oikeille asiakkaille sovelluksen mahdollistamilla tarjouskupongeilla. Hiljainen hetki asemalla voi muuttua vilkkaaksi myynniksi oikealla ty\u00f6kalulla.<\/p>\n<p>\u00c4lypuhelimen sovelluksen k\u00e4ytt\u00f6\u00f6notto on helpointa asentamalla pesuyksikk\u00f6\u00f6n Mecsel\u00ae Smart liit\u00e4nt\u00e4laite.<\/p>\n<div id=\"s-share-buttons\" class=\"\"><div class=\"s-single-share\">\n\t\t\t\t\t\t\t\t\t\t\t\t<div class=\"fb-share-button\" data-href=\"https:\/\/www.mecsel.com\/fi\/kayttoymparistot\/autopesuautomaatit\/\" data-type=\"button\"><\/div>\n\t\t\t\t\t\t\t\t\t\t\t\t<\/div><div class=\"s-single-share\">\n\t\t\t\t\t\t\t\t\t\t\t\t<a href=\"https:\/\/twitter.com\/share\" class=\"twitter-share-button\" data-count=\"none\">Tweet<\/a>\n\t\t\t\t\t\t\t\t\t\t\t\t<\/div><div class=\"s-single-share\">\n\t\t\t\t\t\t\t\t\t\t\t\t\t<script type=\"IN\/Share\"><\/script>\n\t\t\t\t\t\t\t\t\t\t\t\t<\/div><div class=\"s-single-share\">\n\t\t\t\t\t\t\t\t\t\t\t\t<a href=\"mailto:?Subject=Autopesu&Body=Here%20is%20the%20link%20to%20the%20article:%20https:\/\/www.mecsel.com\/fi\/kayttoymparistot\/autopesuautomaatit\/\" title=\"Email\" class=\"s3-email\"><img decoding=\"async\" src=\"https:\/\/www.mecsel.com\/wp-content\/plugins\/simple-social-share\/includes\/..\/images\/share-email.png\"><\/a>\n\t\t\t\t\t\t\t\t\t\t\t<\/div><\/div>","protected":false},"excerpt":{"rendered":"<p>Autopesun varaaminen ja maksaminen \u00e4lypuhelimen sovelluksella helpottaa autoilijan el\u00e4m\u00e4\u00e4. Mecsel&#8230;<\/p>\n","protected":false},"author":4,"featured_media":66,"parent":14,"menu_order":0,"comment_status":"closed","ping_status":"closed","template":"page-user-environments.php","meta":{"footnotes":""},"class_list":["post-265","page","type-page","status-publish","has-post-thumbnail","hentry"],"_links":{"self":[{"href":"https:\/\/www.mecsel.com\/fi\/wp-json\/wp\/v2\/pages\/265","targetHints":{"allow":["GET"]}}],"collection":[{"href":"https:\/\/www.mecsel.com\/fi\/wp-json\/wp\/v2\/pages"}],"about":[{"href":"https:\/\/www.mecsel.com\/fi\/wp-json\/wp\/v2\/types\/page"}],"author":[{"embeddable":true,"href":"https:\/\/www.mecsel.com\/fi\/wp-json\/wp\/v2\/users\/4"}],"replies":[{"embeddable":true,"href":"https:\/\/www.mecsel.com\/fi\/wp-json\/wp\/v2\/comments?post=265"}],"version-history":[{"count":5,"href":"https:\/\/www.mecsel.com\/fi\/wp-json\/wp\/v2\/pages\/265\/revisions"}],"predecessor-version":[{"id":1006,"href":"https:\/\/www.mecsel.com\/fi\/wp-json\/wp\/v2\/pages\/265\/revisions\/1006"}],"up":[{"embeddable":true,"href":"https:\/\/www.mecsel.com\/fi\/wp-json\/wp\/v2\/pages\/14"}],"wp:featuredmedia":[{"embeddable":true,"href":"https:\/\/www.mecsel.com\/fi\/wp-json\/wp\/v2\/media\/66"}],"wp:attachment":[{"href":"https:\/\/www.mecsel.com\/fi\/wp-json\/wp\/v2\/media?parent=265"}],"curies":[{"name":"wp","href":"https:\/\/api.w.org\/{rel}","templated":true}]}}