{"id":269,"date":"2014-08-29T00:04:56","date_gmt":"2014-08-28T21:04:56","guid":{"rendered":"\/?page_id=269"},"modified":"2014-10-16T23:51:39","modified_gmt":"2014-10-16T20:51:39","slug":"parking-machines","status":"publish","type":"page","link":"https:\/\/www.mecsel.com\/fi\/kayttoymparistot\/parkkiautomaatit\/","title":{"rendered":"Pys\u00e4k\u00f6inti"},"content":{"rendered":"<p><img loading=\"lazy\" decoding=\"async\" class=\"alignright wp-image-1012\" style=\"max-width: 30%;\" src=\"\/wp-content\/uploads\/2014\/08\/parking_300x300.png\" alt=\"\" width=\"150\" height=\"150\" srcset=\"https:\/\/www.mecsel.com\/wp-content\/uploads\/2014\/08\/parking_300x300.png 300w, https:\/\/www.mecsel.com\/wp-content\/uploads\/2014\/08\/parking_300x300-150x150.png 150w\" sizes=\"auto, (max-width: 150px) 100vw, 150px\" \/>Mecsel Oy on johtavia maksulaitetoimittajia pys\u00e4k\u00f6\u00f6intiin.<\/p>\n<p>Mecsel \u00e4lypuhelinsovellus mePay\u2122 helpottaa ja nopeuttaa pys\u00e4k\u00f6intimaksamista.<\/p>\n<p>Sovellus huolehtii automaattisesti pys\u00e4k\u00f6intikuittien arkistoinnista ilman erillisi\u00e4 toimenpiteit\u00e4.<\/p>\n<p>Ei en\u00e4\u00e4 kadonneita pys\u00e4k\u00f6intikuitteja p\u00e4\u00e4nvaivana.<\/p>\n<p>Helpoin ja nopein tapa integroida sovellus k\u00e4ytt\u00f6\u00f6n on asentaa pys\u00e4k\u00f6intilaitteeseen Mecsel\u00ae Smart liit\u00e4nt\u00e4laite.<\/p>\n<p>Tarjolla on erilaisia toimintamalleja erityyyppisiin pys\u00e4k\u00f6intiymp\u00e4rist\u00f6ihin.<\/p>\n<div id=\"s-share-buttons\" class=\"\"><div class=\"s-single-share\">\n\t\t\t\t\t\t\t\t\t\t\t\t<div class=\"fb-share-button\" data-href=\"https:\/\/www.mecsel.com\/fi\/kayttoymparistot\/parkkiautomaatit\/\" data-type=\"button\"><\/div>\n\t\t\t\t\t\t\t\t\t\t\t\t<\/div><div class=\"s-single-share\">\n\t\t\t\t\t\t\t\t\t\t\t\t<a href=\"https:\/\/twitter.com\/share\" class=\"twitter-share-button\" data-count=\"none\">Tweet<\/a>\n\t\t\t\t\t\t\t\t\t\t\t\t<\/div><div class=\"s-single-share\">\n\t\t\t\t\t\t\t\t\t\t\t\t\t<script type=\"IN\/Share\"><\/script>\n\t\t\t\t\t\t\t\t\t\t\t\t<\/div><div class=\"s-single-share\">\n\t\t\t\t\t\t\t\t\t\t\t\t<a href=\"mailto:?Subject=Pys\u00e4k\u00f6inti&Body=Here%20is%20the%20link%20to%20the%20article:%20https:\/\/www.mecsel.com\/fi\/kayttoymparistot\/parkkiautomaatit\/\" title=\"Email\" class=\"s3-email\"><img decoding=\"async\" src=\"https:\/\/www.mecsel.com\/wp-content\/plugins\/simple-social-share\/includes\/..\/images\/share-email.png\"><\/a>\n\t\t\t\t\t\t\t\t\t\t\t<\/div><\/div>","protected":false},"excerpt":{"rendered":"<p>Mecsel Oy on johtavia maksulaitetoimittajia pys\u00e4k\u00f6\u00f6intiin. Mecsel \u00e4lypuhelinsovellus mePay\u2122 helpottaa&#8230;<\/p>\n","protected":false},"author":4,"featured_media":66,"parent":14,"menu_order":0,"comment_status":"closed","ping_status":"closed","template":"page-user-environments.php","meta":{"footnotes":""},"class_list":["post-269","page","type-page","status-publish","has-post-thumbnail","hentry"],"_links":{"self":[{"href":"https:\/\/www.mecsel.com\/fi\/wp-json\/wp\/v2\/pages\/269","targetHints":{"allow":["GET"]}}],"collection":[{"href":"https:\/\/www.mecsel.com\/fi\/wp-json\/wp\/v2\/pages"}],"about":[{"href":"https:\/\/www.mecsel.com\/fi\/wp-json\/wp\/v2\/types\/page"}],"author":[{"embeddable":true,"href":"https:\/\/www.mecsel.com\/fi\/wp-json\/wp\/v2\/users\/4"}],"replies":[{"embeddable":true,"href":"https:\/\/www.mecsel.com\/fi\/wp-json\/wp\/v2\/comments?post=269"}],"version-history":[{"count":5,"href":"https:\/\/www.mecsel.com\/fi\/wp-json\/wp\/v2\/pages\/269\/revisions"}],"predecessor-version":[{"id":1013,"href":"https:\/\/www.mecsel.com\/fi\/wp-json\/wp\/v2\/pages\/269\/revisions\/1013"}],"up":[{"embeddable":true,"href":"https:\/\/www.mecsel.com\/fi\/wp-json\/wp\/v2\/pages\/14"}],"wp:featuredmedia":[{"embeddable":true,"href":"https:\/\/www.mecsel.com\/fi\/wp-json\/wp\/v2\/media\/66"}],"wp:attachment":[{"href":"https:\/\/www.mecsel.com\/fi\/wp-json\/wp\/v2\/media?parent=269"}],"curies":[{"name":"wp","href":"https:\/\/api.w.org\/{rel}","templated":true}]}}