{"id":271,"date":"2014-08-29T00:05:45","date_gmt":"2014-08-28T21:05:45","guid":{"rendered":"\/?page_id=271"},"modified":"2014-10-16T23:50:21","modified_gmt":"2014-10-16T20:50:21","slug":"slot-machines","status":"publish","type":"page","link":"https:\/\/www.mecsel.com\/fi\/kayttoymparistot\/peliautomaatit\/","title":{"rendered":"Peliautomaatit"},"content":{"rendered":"<p><img loading=\"lazy\" decoding=\"async\" class=\"alignright wp-image-1009\" style=\"max-width: 30%;\" src=\"\/wp-content\/uploads\/2014\/08\/gaming_300x300.png\" alt=\"\" width=\"150\" height=\"150\" srcset=\"https:\/\/www.mecsel.com\/wp-content\/uploads\/2014\/08\/gaming_300x300.png 300w, https:\/\/www.mecsel.com\/wp-content\/uploads\/2014\/08\/gaming_300x300-150x150.png 150w\" sizes=\"auto, (max-width: 150px) 100vw, 150px\" \/>Peliautomaattien yleisimm\u00e4n maksuv\u00e4lineen eli kolikkojen k\u00e4ytt\u00f6 v\u00e4henee.<\/p>\n<p>Mecsel Oy:n toimittaman mePay \u00e4lypuhelinsovelluksen avulla voidaan peliautomaatilla maksamisesta tehd\u00e4 samaan aikaa helppoa ja vastuullista.<\/p>\n<div id=\"s-share-buttons\" class=\"\"><div class=\"s-single-share\">\n\t\t\t\t\t\t\t\t\t\t\t\t<div class=\"fb-share-button\" data-href=\"https:\/\/www.mecsel.com\/fi\/kayttoymparistot\/peliautomaatit\/\" data-type=\"button\"><\/div>\n\t\t\t\t\t\t\t\t\t\t\t\t<\/div><div class=\"s-single-share\">\n\t\t\t\t\t\t\t\t\t\t\t\t<a href=\"https:\/\/twitter.com\/share\" class=\"twitter-share-button\" data-count=\"none\">Tweet<\/a>\n\t\t\t\t\t\t\t\t\t\t\t\t<\/div><div class=\"s-single-share\">\n\t\t\t\t\t\t\t\t\t\t\t\t\t<script type=\"IN\/Share\"><\/script>\n\t\t\t\t\t\t\t\t\t\t\t\t<\/div><div class=\"s-single-share\">\n\t\t\t\t\t\t\t\t\t\t\t\t<a href=\"mailto:?Subject=Peliautomaatit&Body=Here%20is%20the%20link%20to%20the%20article:%20https:\/\/www.mecsel.com\/fi\/kayttoymparistot\/peliautomaatit\/\" title=\"Email\" class=\"s3-email\"><img decoding=\"async\" src=\"https:\/\/www.mecsel.com\/wp-content\/plugins\/simple-social-share\/includes\/..\/images\/share-email.png\"><\/a>\n\t\t\t\t\t\t\t\t\t\t\t<\/div><\/div>","protected":false},"excerpt":{"rendered":"<p>Peliautomaattien yleisimm\u00e4n maksuv\u00e4lineen eli kolikkojen k\u00e4ytt\u00f6 v\u00e4henee. Mecsel Oy:n toimittaman&#8230;<\/p>\n","protected":false},"author":4,"featured_media":66,"parent":14,"menu_order":0,"comment_status":"closed","ping_status":"closed","template":"page-user-environments.php","meta":{"footnotes":""},"class_list":["post-271","page","type-page","status-publish","has-post-thumbnail","hentry"],"_links":{"self":[{"href":"https:\/\/www.mecsel.com\/fi\/wp-json\/wp\/v2\/pages\/271","targetHints":{"allow":["GET"]}}],"collection":[{"href":"https:\/\/www.mecsel.com\/fi\/wp-json\/wp\/v2\/pages"}],"about":[{"href":"https:\/\/www.mecsel.com\/fi\/wp-json\/wp\/v2\/types\/page"}],"author":[{"embeddable":true,"href":"https:\/\/www.mecsel.com\/fi\/wp-json\/wp\/v2\/users\/4"}],"replies":[{"embeddable":true,"href":"https:\/\/www.mecsel.com\/fi\/wp-json\/wp\/v2\/comments?post=271"}],"version-history":[{"count":5,"href":"https:\/\/www.mecsel.com\/fi\/wp-json\/wp\/v2\/pages\/271\/revisions"}],"predecessor-version":[{"id":1011,"href":"https:\/\/www.mecsel.com\/fi\/wp-json\/wp\/v2\/pages\/271\/revisions\/1011"}],"up":[{"embeddable":true,"href":"https:\/\/www.mecsel.com\/fi\/wp-json\/wp\/v2\/pages\/14"}],"wp:featuredmedia":[{"embeddable":true,"href":"https:\/\/www.mecsel.com\/fi\/wp-json\/wp\/v2\/media\/66"}],"wp:attachment":[{"href":"https:\/\/www.mecsel.com\/fi\/wp-json\/wp\/v2\/media?parent=271"}],"curies":[{"name":"wp","href":"https:\/\/api.w.org\/{rel}","templated":true}]}}