{"id":291,"date":"2014-08-29T00:22:22","date_gmt":"2014-08-28T21:22:22","guid":{"rendered":"\/?page_id=291"},"modified":"2015-05-27T00:53:10","modified_gmt":"2015-05-26T21:53:10","slug":"test-reference-5","status":"publish","type":"page","link":"https:\/\/www.mecsel.com\/fi\/referenssit\/","title":{"rendered":"Referenssit"},"content":{"rendered":"<p>Mecsel Oy:n innovaatiot on kehitetty toimivaksi kokonaisuudeksi l\u00e4heisess\u00e4 yhteisty\u00f6ss\u00e4 asiakkaidemme kanssa. Kehitysty\u00f6lle on ollut tarve ja tilaus ja ideat on muutettu nopeasti k\u00e4yt\u00e4nn\u00f6n liiketoiminnaksi.<\/p>\n<p>Kehitysty\u00f6 on jatkuvaa sek\u00e4 alla esitettyjen kumppaneidemme, ett\u00e4 uusien toimijoiden kanssa.<\/p>\n<p>T\u00e4ll\u00e4 sivulla tullaan aika ajoin my\u00f6s esitt\u00e4m\u00e4\u00e4n hieman tarkemmin erilaisia uusia toteutuksia. Olemme iloisia voidessamme esitell\u00e4 maaliin viedyn kansainv\u00e4lisen projektimme Carlsberg konsernin kanssa.<br \/>\n&nbsp;<\/p>\n<h3 style=\"color: #6d6e71; font-size: 26px; margin: 5px 0 5px 0;\">Carlsberg toteutus<\/h3>\n<p>Sinebrychoff juoma-automaattien online-j\u00e4rjestelm\u00e4!<br \/>\n<a href=\"\/references-3\/mecsel-watch-gets-delivered-to-sinebrychoff\/\">Lue lis\u00e4\u00e4 \u00bb<\/a><\/p>\n<p><div class=\"ezcol ezcol-one-third\"><img loading=\"lazy\" decoding=\"async\" class=\"aligncenter size-full wp-image-1178\" src=\"\/wp-content\/uploads\/2014\/08\/marsfood.jpg\" alt=\"marsfood\" width=\"239\" height=\"151\" srcset=\"https:\/\/www.mecsel.com\/wp-content\/uploads\/2014\/08\/marsfood.jpg 477w, https:\/\/www.mecsel.com\/wp-content\/uploads\/2014\/08\/marsfood-300x190.jpg 300w\" sizes=\"auto, (max-width: 239px) 100vw, 239px\" \/><\/div> <div class=\"ezcol ezcol-one-third\"><img loading=\"lazy\" decoding=\"async\" class=\"aligncenter size-full wp-image-1179\" src=\"\/wp-content\/uploads\/2014\/08\/sodexo.jpg\" alt=\"sodexo\" width=\"239\" height=\"151\" srcset=\"https:\/\/www.mecsel.com\/wp-content\/uploads\/2014\/08\/sodexo.jpg 477w, https:\/\/www.mecsel.com\/wp-content\/uploads\/2014\/08\/sodexo-300x190.jpg 300w\" sizes=\"auto, (max-width: 239px) 100vw, 239px\" \/><\/div> <div class=\"ezcol ezcol-one-third ezcol-last\"><img loading=\"lazy\" decoding=\"async\" class=\"aligncenter size-full wp-image-1194\" src=\"\/wp-content\/uploads\/2014\/08\/finavia.jpg\" alt=\"finavia\" width=\"239\" height=\"151\" srcset=\"https:\/\/www.mecsel.com\/wp-content\/uploads\/2014\/08\/finavia.jpg 477w, https:\/\/www.mecsel.com\/wp-content\/uploads\/2014\/08\/finavia-300x190.jpg 300w\" sizes=\"auto, (max-width: 239px) 100vw, 239px\" \/><\/div><div class=\"ezcol-divider\"><\/div><\/p>\n<p><div class=\"ezcol ezcol-one-third\"><img loading=\"lazy\" decoding=\"async\" class=\"aligncenter size-full wp-image-1182\" src=\"\/wp-content\/uploads\/2014\/08\/ray.jpg\" alt=\"ray\" width=\"239\" height=\"151\" srcset=\"https:\/\/www.mecsel.com\/wp-content\/uploads\/2014\/08\/ray.jpg 477w, https:\/\/www.mecsel.com\/wp-content\/uploads\/2014\/08\/ray-300x190.jpg 300w\" sizes=\"auto, (max-width: 239px) 100vw, 239px\" \/><\/div> <div class=\"ezcol ezcol-one-third\"><img loading=\"lazy\" decoding=\"async\" class=\"aligncenter size-full wp-image-1183\" src=\"\/wp-content\/uploads\/2014\/08\/carlsberg_group.jpg\" alt=\"carlsberg_group\" width=\"239\" height=\"151\" srcset=\"https:\/\/www.mecsel.com\/wp-content\/uploads\/2014\/08\/carlsberg_group.jpg 477w, https:\/\/www.mecsel.com\/wp-content\/uploads\/2014\/08\/carlsberg_group-300x190.jpg 300w\" sizes=\"auto, (max-width: 239px) 100vw, 239px\" \/><\/div> <div class=\"ezcol ezcol-one-third ezcol-last\"><img loading=\"lazy\" decoding=\"async\" class=\"aligncenter size-full wp-image-1184\" src=\"\/wp-content\/uploads\/2014\/08\/fujitsu.jpg\" alt=\"fujitsu\" width=\"239\" height=\"151\" srcset=\"https:\/\/www.mecsel.com\/wp-content\/uploads\/2014\/08\/fujitsu.jpg 477w, https:\/\/www.mecsel.com\/wp-content\/uploads\/2014\/08\/fujitsu-300x190.jpg 300w\" sizes=\"auto, (max-width: 239px) 100vw, 239px\" \/><\/div><div class=\"ezcol-divider\"><\/div><\/p>\n<p><div class=\"ezcol ezcol-one-third\"><img loading=\"lazy\" decoding=\"async\" class=\"aligncenter size-full wp-image-1186\" src=\"\/wp-content\/uploads\/2014\/08\/sinebrychoff.jpg\" alt=\"sinebrychoff\" width=\"239\" height=\"151\" srcset=\"https:\/\/www.mecsel.com\/wp-content\/uploads\/2014\/08\/sinebrychoff.jpg 477w, https:\/\/www.mecsel.com\/wp-content\/uploads\/2014\/08\/sinebrychoff-300x190.jpg 300w\" sizes=\"auto, (max-width: 239px) 100vw, 239px\" \/><\/div> <div class=\"ezcol ezcol-one-third\"><img loading=\"lazy\" decoding=\"async\" class=\"aligncenter size-full wp-image-1187\" src=\"\/wp-content\/uploads\/2014\/08\/hartwall.jpg\" alt=\"hartwall\" width=\"239\" height=\"151\" srcset=\"https:\/\/www.mecsel.com\/wp-content\/uploads\/2014\/08\/hartwall.jpg 477w, https:\/\/www.mecsel.com\/wp-content\/uploads\/2014\/08\/hartwall-300x190.jpg 300w\" sizes=\"auto, (max-width: 239px) 100vw, 239px\" \/><\/div> <div class=\"ezcol ezcol-one-third ezcol-last\"><img loading=\"lazy\" decoding=\"async\" class=\"aligncenter size-full wp-image-1188\" src=\"\/wp-content\/uploads\/2014\/08\/paulig.jpg\" alt=\"paulig\" width=\"239\" height=\"151\" srcset=\"https:\/\/www.mecsel.com\/wp-content\/uploads\/2014\/08\/paulig.jpg 477w, https:\/\/www.mecsel.com\/wp-content\/uploads\/2014\/08\/paulig-300x190.jpg 300w\" sizes=\"auto, (max-width: 239px) 100vw, 239px\" \/><\/div><div class=\"ezcol-divider\"><\/div><\/p>\n<p><div class=\"ezcol ezcol-one-third\"><img loading=\"lazy\" decoding=\"async\" class=\"aligncenter size-full wp-image-1190\" src=\"\/wp-content\/uploads\/2014\/08\/tvo.jpg\" alt=\"tvo\" width=\"239\" height=\"151\" srcset=\"https:\/\/www.mecsel.com\/wp-content\/uploads\/2014\/08\/tvo.jpg 477w, https:\/\/www.mecsel.com\/wp-content\/uploads\/2014\/08\/tvo-300x190.jpg 300w\" sizes=\"auto, (max-width: 239px) 100vw, 239px\" \/><\/div> <div class=\"ezcol ezcol-one-third\"><img loading=\"lazy\" decoding=\"async\" class=\"aligncenter size-full wp-image-1191\" src=\"\/wp-content\/uploads\/2014\/08\/swarco.jpg\" alt=\"swarco\" width=\"239\" height=\"151\" srcset=\"https:\/\/www.mecsel.com\/wp-content\/uploads\/2014\/08\/swarco.jpg 477w, https:\/\/www.mecsel.com\/wp-content\/uploads\/2014\/08\/swarco-300x190.jpg 300w\" sizes=\"auto, (max-width: 239px) 100vw, 239px\" \/><\/div> <div class=\"ezcol ezcol-one-third ezcol-last\"><img loading=\"lazy\" decoding=\"async\" class=\"aligncenter size-full wp-image-1192\" src=\"\/wp-content\/uploads\/2014\/08\/selecta.jpg\" alt=\"selecta\" width=\"239\" height=\"151\" srcset=\"https:\/\/www.mecsel.com\/wp-content\/uploads\/2014\/08\/selecta.jpg 477w, https:\/\/www.mecsel.com\/wp-content\/uploads\/2014\/08\/selecta-300x190.jpg 300w\" sizes=\"auto, (max-width: 239px) 100vw, 239px\" \/><\/div><div class=\"ezcol-divider\"><\/div><\/p>\n<p><div class=\"ezcol ezcol-one-third\"><img loading=\"lazy\" decoding=\"async\" class=\"aligncenter size-full wp-image-1197\" src=\"\/wp-content\/uploads\/2014\/08\/tammermatic.jpg\" alt=\"tammermatic\" width=\"239\" height=\"151\" srcset=\"https:\/\/www.mecsel.com\/wp-content\/uploads\/2014\/08\/tammermatic.jpg 477w, https:\/\/www.mecsel.com\/wp-content\/uploads\/2014\/08\/tammermatic-300x190.jpg 300w\" sizes=\"auto, (max-width: 239px) 100vw, 239px\" \/><\/div> <div class=\"ezcol ezcol-one-third\"><img loading=\"lazy\" decoding=\"async\" class=\"aligncenter size-full wp-image-1198\" src=\"\/wp-content\/uploads\/2014\/08\/pelican_rouge.jpg\" alt=\"pelican_rouge\" width=\"239\" height=\"151\" srcset=\"https:\/\/www.mecsel.com\/wp-content\/uploads\/2014\/08\/pelican_rouge.jpg 477w, https:\/\/www.mecsel.com\/wp-content\/uploads\/2014\/08\/pelican_rouge-300x190.jpg 300w\" sizes=\"auto, (max-width: 239px) 100vw, 239px\" \/><\/div> <div class=\"ezcol ezcol-one-third ezcol-last\"><img loading=\"lazy\" decoding=\"async\" class=\"aligncenter size-full wp-image-1199\" src=\"\/wp-content\/uploads\/2014\/08\/gilbarco_vedeer-root.jpg\" alt=\"gilbarco_vedeer-root\" width=\"239\" height=\"151\" srcset=\"https:\/\/www.mecsel.com\/wp-content\/uploads\/2014\/08\/gilbarco_vedeer-root.jpg 477w, https:\/\/www.mecsel.com\/wp-content\/uploads\/2014\/08\/gilbarco_vedeer-root-300x190.jpg 300w\" sizes=\"auto, (max-width: 239px) 100vw, 239px\" \/><\/div><div class=\"ezcol-divider\"><\/div><\/p>\n<div id=\"s-share-buttons\" class=\"\"><div class=\"s-single-share\">\n\t\t\t\t\t\t\t\t\t\t\t\t<div class=\"fb-share-button\" data-href=\"https:\/\/www.mecsel.com\/fi\/referenssit\/\" data-type=\"button\"><\/div>\n\t\t\t\t\t\t\t\t\t\t\t\t<\/div><div class=\"s-single-share\">\n\t\t\t\t\t\t\t\t\t\t\t\t<a href=\"https:\/\/twitter.com\/share\" class=\"twitter-share-button\" data-count=\"none\">Tweet<\/a>\n\t\t\t\t\t\t\t\t\t\t\t\t<\/div><div class=\"s-single-share\">\n\t\t\t\t\t\t\t\t\t\t\t\t\t<script type=\"IN\/Share\"><\/script>\n\t\t\t\t\t\t\t\t\t\t\t\t<\/div><div class=\"s-single-share\">\n\t\t\t\t\t\t\t\t\t\t\t\t<a href=\"mailto:?Subject=Referenssit&Body=Here%20is%20the%20link%20to%20the%20article:%20https:\/\/www.mecsel.com\/fi\/referenssit\/\" title=\"Email\" class=\"s3-email\"><img decoding=\"async\" src=\"https:\/\/www.mecsel.com\/wp-content\/plugins\/simple-social-share\/includes\/..\/images\/share-email.png\"><\/a>\n\t\t\t\t\t\t\t\t\t\t\t<\/div><\/div>","protected":false},"excerpt":{"rendered":"<p>Mecsel Oy:n innovaatiot on kehitetty toimivaksi kokonaisuudeksi l\u00e4heisess\u00e4 yhteisty\u00f6ss\u00e4 asiakkaidemme&#8230;<\/p>\n","protected":false},"author":4,"featured_media":66,"parent":0,"menu_order":0,"comment_status":"closed","ping_status":"closed","template":"page-references.php","meta":{"footnotes":""},"class_list":["post-291","page","type-page","status-publish","has-post-thumbnail","hentry"],"_links":{"self":[{"href":"https:\/\/www.mecsel.com\/fi\/wp-json\/wp\/v2\/pages\/291","targetHints":{"allow":["GET"]}}],"collection":[{"href":"https:\/\/www.mecsel.com\/fi\/wp-json\/wp\/v2\/pages"}],"about":[{"href":"https:\/\/www.mecsel.com\/fi\/wp-json\/wp\/v2\/types\/page"}],"author":[{"embeddable":true,"href":"https:\/\/www.mecsel.com\/fi\/wp-json\/wp\/v2\/users\/4"}],"replies":[{"embeddable":true,"href":"https:\/\/www.mecsel.com\/fi\/wp-json\/wp\/v2\/comments?post=291"}],"version-history":[{"count":5,"href":"https:\/\/www.mecsel.com\/fi\/wp-json\/wp\/v2\/pages\/291\/revisions"}],"predecessor-version":[{"id":1256,"href":"https:\/\/www.mecsel.com\/fi\/wp-json\/wp\/v2\/pages\/291\/revisions\/1256"}],"wp:featuredmedia":[{"embeddable":true,"href":"https:\/\/www.mecsel.com\/fi\/wp-json\/wp\/v2\/media\/66"}],"wp:attachment":[{"href":"https:\/\/www.mecsel.com\/fi\/wp-json\/wp\/v2\/media?parent=291"}],"curies":[{"name":"wp","href":"https:\/\/api.w.org\/{rel}","templated":true}]}}