{"id":348,"date":"2014-09-18T12:06:10","date_gmt":"2014-09-18T09:06:10","guid":{"rendered":"\/?page_id=348"},"modified":"2014-10-13T01:43:38","modified_gmt":"2014-10-12T22:43:38","slug":"this-is-how-it-works","status":"publish","type":"page","link":"https:\/\/www.mecsel.com\/fi\/ratkaisut\/","title":{"rendered":"Ratkaisut"},"content":{"rendered":"<p><img loading=\"lazy\" decoding=\"async\" class=\"alignleft wp-image-966 size-full\" src=\"\/wp-content\/uploads\/2014\/09\/mecsel_infografiikka_fi1.jpg\" alt=\"\" width=\"993\" height=\"730\" srcset=\"https:\/\/www.mecsel.com\/wp-content\/uploads\/2014\/09\/mecsel_infografiikka_fi1.jpg 993w, https:\/\/www.mecsel.com\/wp-content\/uploads\/2014\/09\/mecsel_infografiikka_fi1-300x220.jpg 300w\" sizes=\"auto, (max-width: 993px) 100vw, 993px\" \/><\/p>\n<p>Mecsel\u00ae Smart laite on Mecsel Oy:n Suomessa kehitt\u00e4m\u00e4 ja valmistama HighTech tuote.<\/p>\n<p>Laitteella voidaan k\u00e4ytt\u00e4\u00e4 mittavaa m\u00e4\u00e4r\u00e4\u00e4 erilaisia sovelluksia.<\/p>\n<h6>MECSEL\u00ae SMART OMINAISUUDET TULEVAT PARHAITEN ESIIN VAATIVISSA OLOSUHTEISSA KUN VAADITAAN:<\/h6>\n<ul style=\"padding: 0 0 0 20px;\">\n<li>Asennusta ahtaisiin tiloihin<\/li>\n<li>Poikkeuksellista luotettavuutta<\/li>\n<li>Kapasiteettia paikoissa, joihin py\u00f6riv\u00e4 kovalevy ei sovellu<\/li>\n<li>Toimintakyky\u00e4 automaatin sis\u00e4ll\u00e4 olevassa h\u00e4iri\u00f6kent\u00e4ss\u00e4<\/li>\n<li>Lisensseist\u00e4 vapaata Linux-k\u00e4ytt\u00f6j\u00e4rjestelm\u00e4\u00e4<\/li>\n<li>Joustoa erityyppisille virtal\u00e4hteille<\/li>\n<li>Monipuolisia fyysisi\u00e4 ja ohjelmallisia liit\u00e4nt\u00f6j\u00e4<\/li>\n<li>Et\u00e4p\u00e4ivityksi\u00e4<\/li>\n<\/ul>\n<h6>ITSEPALVELUYMP\u00c4RIST\u00d6SS\u00c4 TOIMIVAT RATKAISUT:<\/h6>\n<ul style=\"padding: 0 0 0 20px;\">\n<li>Automaattien mobiilimaksaminen<\/li>\n<li>Automaattien et\u00e4valvonta<\/li>\n<li>Automaattien hallinto ja tilastot<\/li>\n<li>Pilvipalvelimella toimiva hallintaohjelma <strong>V<\/strong>ending <strong>M<\/strong>achine <strong>S<\/strong>ystem, <strong>VMS<\/strong><\/li>\n<li>Pilvipalvelimella toimiva automaatin t\u00e4yspalveluj\u00e4rjestelm\u00e4 <strong>F<\/strong>ull <strong>S<\/strong>ervice <strong>V<\/strong>ending, <strong>FSV<\/strong><\/li>\n<li>Maksaminen automaatilla yrityksen sis\u00e4isill\u00e4 korteilla<\/li>\n<\/ul>\n<p><\/p>\n<div id=\"s-share-buttons\" class=\"\"><div class=\"s-single-share\">\n\t\t\t\t\t\t\t\t\t\t\t\t<div class=\"fb-share-button\" data-href=\"https:\/\/www.mecsel.com\/fi\/ratkaisut\/\" data-type=\"button\"><\/div>\n\t\t\t\t\t\t\t\t\t\t\t\t<\/div><div class=\"s-single-share\">\n\t\t\t\t\t\t\t\t\t\t\t\t<a href=\"https:\/\/twitter.com\/share\" class=\"twitter-share-button\" data-count=\"none\">Tweet<\/a>\n\t\t\t\t\t\t\t\t\t\t\t\t<\/div><div class=\"s-single-share\">\n\t\t\t\t\t\t\t\t\t\t\t\t\t<script type=\"IN\/Share\"><\/script>\n\t\t\t\t\t\t\t\t\t\t\t\t<\/div><div class=\"s-single-share\">\n\t\t\t\t\t\t\t\t\t\t\t\t<a href=\"mailto:?Subject=Ratkaisut&Body=Here%20is%20the%20link%20to%20the%20article:%20https:\/\/www.mecsel.com\/fi\/ratkaisut\/\" title=\"Email\" class=\"s3-email\"><img decoding=\"async\" src=\"https:\/\/www.mecsel.com\/wp-content\/plugins\/simple-social-share\/includes\/..\/images\/share-email.png\"><\/a>\n\t\t\t\t\t\t\t\t\t\t\t<\/div><\/div>","protected":false},"excerpt":{"rendered":"<p>Mecsel\u00ae Smart laite on Mecsel Oy:n Suomessa kehitt\u00e4m\u00e4 ja valmistama&#8230;<\/p>\n","protected":false},"author":5,"featured_media":66,"parent":0,"menu_order":0,"comment_status":"closed","ping_status":"closed","template":"page-solutions.php","meta":{"footnotes":""},"class_list":["post-348","page","type-page","status-publish","has-post-thumbnail","hentry"],"_links":{"self":[{"href":"https:\/\/www.mecsel.com\/fi\/wp-json\/wp\/v2\/pages\/348","targetHints":{"allow":["GET"]}}],"collection":[{"href":"https:\/\/www.mecsel.com\/fi\/wp-json\/wp\/v2\/pages"}],"about":[{"href":"https:\/\/www.mecsel.com\/fi\/wp-json\/wp\/v2\/types\/page"}],"author":[{"embeddable":true,"href":"https:\/\/www.mecsel.com\/fi\/wp-json\/wp\/v2\/users\/5"}],"replies":[{"embeddable":true,"href":"https:\/\/www.mecsel.com\/fi\/wp-json\/wp\/v2\/comments?post=348"}],"version-history":[{"count":5,"href":"https:\/\/www.mecsel.com\/fi\/wp-json\/wp\/v2\/pages\/348\/revisions"}],"predecessor-version":[{"id":378,"href":"https:\/\/www.mecsel.com\/fi\/wp-json\/wp\/v2\/pages\/348\/revisions\/378"}],"wp:featuredmedia":[{"embeddable":true,"href":"https:\/\/www.mecsel.com\/fi\/wp-json\/wp\/v2\/media\/66"}],"wp:attachment":[{"href":"https:\/\/www.mecsel.com\/fi\/wp-json\/wp\/v2\/media?parent=348"}],"curies":[{"name":"wp","href":"https:\/\/api.w.org\/{rel}","templated":true}]}}