{"id":404,"date":"2014-09-19T11:09:43","date_gmt":"2014-09-19T08:09:43","guid":{"rendered":"\/?page_id=404"},"modified":"2015-02-10T22:19:19","modified_gmt":"2015-02-10T20:19:19","slug":"test-solution-2","status":"publish","type":"page","link":"https:\/\/www.mecsel.com\/fi\/ratkaisut\/vms\/","title":{"rendered":"Mecsel\u00ae WATCH VMS"},"content":{"rendered":"<p><\/p>\n<h6>AUTOMAATIEN TIEDONKERUU- JA HALLINTAOHJELMISTO<\/h6>\n<p>Mecsel tiedonkeruuj\u00e4rjestelm\u00e4 pit\u00e4\u00e4 tiedot ajan tasalla<\/p>\n<p>Mecsel\u00ae Smart laite ker\u00e4\u00e4 automaatin tilastotiedot ja l\u00e4hett\u00e4\u00e4 ne y\u00f6n aikana Mecsel Oy:n palvelimelle.<\/p>\n<p>Mecselin palvelin organisoi tiedot ja muokkaa ne automaattiyritykselle luettavaan muotoon.<\/p>\n<p>Automaattiyritys p\u00e4\u00e4see vapaasti selaamaan hallinnoimiensa automaattien tietoja palvelimelta k\u00e4ytt\u00e4m\u00e4ll\u00e4 omaa k\u00e4ytt\u00e4j\u00e4koodia ja salasanaa.<\/p>\n<p>Mecsel palvelin auttaa mm. seuraavasti:<\/p>\n<p>Automaattien kokonaismyynti saadaan sek\u00e4 halutuilla kriteereill\u00e4 kuten tuotteittain, alueittain, automaattityypeitt\u00e4in. Myyntitiedot voidaan muuntaa palvelimella Excel taulukoksi ja sovittaa yrityksen muuhun hallintoon<\/p>\n<p>Myyntitietojen ja &#8220;tuote loppu&#8221; tietojen avulla voidaan tehostaa automaattien t\u00e4ytt\u00f6j\u00e4rjestyst\u00e4 ja ohjata oikeat tuotteet automaatteihin<\/p>\n<p>Automaattien rahatilanne pidet\u00e4\u00e4n hallinnassa seuraamalla erikseen vaihtorahaputkien ja kassalaatikon tilannetta<\/p>\n<p>Huoltoa varten saadaan tieto automaatin ja kolikkolaitteen toimintatilasta.<\/p>\n<p><a title=\"Mecsel Watch\" href=\"\/wp-content\/uploads\/2015\/02\/mecsel_watch_brochure_public_r2.pdf\" target=\"_blank\">Lataa englanninkielinen esite t\u00e4st\u00e4! (pdf)<\/a><\/p>\n<p><img loading=\"lazy\" decoding=\"async\" class=\"alignleft wp-image-777 size-full\" src=\"\/wp-content\/uploads\/2014\/09\/mecsel_vms_arkkitehtuuri_fi.jpg\" alt=\"\" width=\"993\" height=\"1127\" srcset=\"https:\/\/www.mecsel.com\/wp-content\/uploads\/2014\/09\/mecsel_vms_arkkitehtuuri_fi.jpg 993w, https:\/\/www.mecsel.com\/wp-content\/uploads\/2014\/09\/mecsel_vms_arkkitehtuuri_fi-264x300.jpg 264w, https:\/\/www.mecsel.com\/wp-content\/uploads\/2014\/09\/mecsel_vms_arkkitehtuuri_fi-902x1024.jpg 902w\" sizes=\"auto, (max-width: 993px) 100vw, 993px\" \/><\/p>\n<p>&nbsp;<\/p>\n<div id=\"s-share-buttons\" class=\"\"><div class=\"s-single-share\">\n\t\t\t\t\t\t\t\t\t\t\t\t<div class=\"fb-share-button\" data-href=\"https:\/\/www.mecsel.com\/fi\/ratkaisut\/vms\/\" data-type=\"button\"><\/div>\n\t\t\t\t\t\t\t\t\t\t\t\t<\/div><div class=\"s-single-share\">\n\t\t\t\t\t\t\t\t\t\t\t\t<a href=\"https:\/\/twitter.com\/share\" class=\"twitter-share-button\" data-count=\"none\">Tweet<\/a>\n\t\t\t\t\t\t\t\t\t\t\t\t<\/div><div class=\"s-single-share\">\n\t\t\t\t\t\t\t\t\t\t\t\t\t<script type=\"IN\/Share\"><\/script>\n\t\t\t\t\t\t\t\t\t\t\t\t<\/div><div class=\"s-single-share\">\n\t\t\t\t\t\t\t\t\t\t\t\t<a href=\"mailto:?Subject=Mecsel\u00ae%20WATCH%20VMS&Body=Here%20is%20the%20link%20to%20the%20article:%20https:\/\/www.mecsel.com\/fi\/ratkaisut\/vms\/\" title=\"Email\" class=\"s3-email\"><img decoding=\"async\" src=\"https:\/\/www.mecsel.com\/wp-content\/plugins\/simple-social-share\/includes\/..\/images\/share-email.png\"><\/a>\n\t\t\t\t\t\t\t\t\t\t\t<\/div><\/div>","protected":false},"excerpt":{"rendered":"<p>AUTOMAATIEN TIEDONKERUU- JA HALLINTAOHJELMISTO Mecsel tiedonkeruuj\u00e4rjestelm\u00e4 pit\u00e4\u00e4 tiedot ajan tasalla&#8230;<\/p>\n","protected":false},"author":18,"featured_media":66,"parent":348,"menu_order":2,"comment_status":"closed","ping_status":"closed","template":"page-solutions.php","meta":{"footnotes":""},"class_list":["post-404","page","type-page","status-publish","has-post-thumbnail","hentry"],"_links":{"self":[{"href":"https:\/\/www.mecsel.com\/fi\/wp-json\/wp\/v2\/pages\/404","targetHints":{"allow":["GET"]}}],"collection":[{"href":"https:\/\/www.mecsel.com\/fi\/wp-json\/wp\/v2\/pages"}],"about":[{"href":"https:\/\/www.mecsel.com\/fi\/wp-json\/wp\/v2\/types\/page"}],"author":[{"embeddable":true,"href":"https:\/\/www.mecsel.com\/fi\/wp-json\/wp\/v2\/users\/18"}],"replies":[{"embeddable":true,"href":"https:\/\/www.mecsel.com\/fi\/wp-json\/wp\/v2\/comments?post=404"}],"version-history":[{"count":5,"href":"https:\/\/www.mecsel.com\/fi\/wp-json\/wp\/v2\/pages\/404\/revisions"}],"predecessor-version":[{"id":669,"href":"https:\/\/www.mecsel.com\/fi\/wp-json\/wp\/v2\/pages\/404\/revisions\/669"}],"up":[{"embeddable":true,"href":"https:\/\/www.mecsel.com\/fi\/wp-json\/wp\/v2\/pages\/348"}],"wp:featuredmedia":[{"embeddable":true,"href":"https:\/\/www.mecsel.com\/fi\/wp-json\/wp\/v2\/media\/66"}],"wp:attachment":[{"href":"https:\/\/www.mecsel.com\/fi\/wp-json\/wp\/v2\/media?parent=404"}],"curies":[{"name":"wp","href":"https:\/\/api.w.org\/{rel}","templated":true}]}}