{"id":6,"date":"2014-08-07T16:47:55","date_gmt":"2014-08-07T13:47:55","guid":{"rendered":"\/?page_id=6"},"modified":"2025-10-27T13:35:20","modified_gmt":"2025-10-27T11:35:20","slug":"front-page","status":"publish","type":"page","link":"https:\/\/www.mecsel.com\/fi\/","title":{"rendered":"Mecsel palvelukokonaisuus"},"content":{"rendered":"<p><\/p>\n<h3>MECSEL OY \u2013 Tarjoaa uusinta huipputekniikkaa olevia maksuratkaisuja itsepalvelu maksamiseen sek\u00e4\u00a0palveluratkaisuja itsepalvelulaitteiden et\u00e4valvontaan ja toiminnan hallintaan.<\/h3>\n<div>Mecsel Oy on vuonna 1991 perustettu, yksityinen maksuj\u00e4rjestelm\u00e4toimittaja, joka on erikoistunut itsepalvelumaksamiseen, itsepalvelulaitteiden et\u00e4hallintaan ja tiedonkeruuseen, sek\u00e4 itsepalvelulaitteiden yll\u00e4pidon optimointiin.<\/div>\n<p>Panostamme jatkuvasti modernien teknologioiden kehitt\u00e4miseen, jotta itsepalveluj\u00e4rjestelm\u00e4t olisivat entist\u00e4 sujuvampia ja k\u00e4ytt\u00e4j\u00e4yst\u00e4v\u00e4llisempi\u00e4. Yhteisty\u00f6ss\u00e4 asiakkaidemme kanssa suunnittelemme ratkaisuja, jotka eiv\u00e4t ainoastaan helpota kuluttajien arkea, vaan my\u00f6s parantavat automaattiyritysten kannattavuutta ja toimintatehokkuutta sek\u00e4 lis\u00e4\u00e4v\u00e4t itsepalvelulaitteiden myynti\u00e4.<\/p>\n<p>Jatkuva tuotekehitys tuo mukanaan uusia, innovatiivisia ratkaisuja, jotka viev\u00e4t itsepalveluliiketoimintaa eteenp\u00e4in.<\/p>\n<p>Mecsel Oy toi markkinoille maailman ensimm\u00e4isen matkapuhelinmaksuj\u00e4rjestelm\u00e4n myyntiautomaatteihin. Uudet maksutavat tekev\u00e4t ostamisesta sujuvampaa ja helpompaa kuin koskaan.<\/p>\n<iframe loading=\"lazy\"  id=\"_ytid_27676\"  width=\"480\" height=\"270\"  data-origwidth=\"480\" data-origheight=\"270\" src=\"https:\/\/www.youtube.com\/embed\/R9hkq-vEl3I?enablejsapi=1&autoplay=0&cc_load_policy=0&cc_lang_pref=&iv_load_policy=1&loop=0&rel=1&fs=1&playsinline=0&autohide=2&theme=dark&color=red&controls=1&disablekb=0&\" class=\"__youtube_prefs__  no-lazyload\" title=\"YouTube player\"  allow=\"fullscreen; accelerometer; autoplay; clipboard-write; encrypted-media; gyroscope; picture-in-picture; web-share\" referrerpolicy=\"strict-origin-when-cross-origin\" allowfullscreen data-no-lazy=\"1\" data-skipgform_ajax_framebjll=\"\"><\/iframe>\n<h3>Kokonaisratkaisu itsepalveluliiketoimintaan:<\/h3>\n<ul>\n<li style=\"list-style-type: none;\">\n<ul>\n<li style=\"list-style-type: none;\">\n<ul>\n<li>\n<div>Maksulaitteistot ja maksusovellukset<\/div>\n<\/li>\n<li>\n<div>Mecsel Smart Telemetria \u00e4lylaitteisto<\/div>\n<\/li>\n<li>\n<div>Iot SIM yhteydet<\/div>\n<\/li>\n<li>\n<div>Ohjelmistot ja pilvipalvelut<\/div>\n<\/li>\n<li>\n<div>Maksupalveluratkaisut<\/div>\n<\/li>\n<li>\n<div>Maksujenv\u00e4litys ja -tilitys<\/div>\n<\/li>\n<li>Projektien hallinta<\/li>\n<\/ul>\n<\/li>\n<\/ul>\n<\/li>\n<\/ul>\n<h3>Mecsel palvelut mahdollistavat\u00a0<wbr \/>uudenaikaisen maksamisen erilaisissa itsepalveluymp\u00e4rist\u00f6iss\u00e4:<\/h3>\n<ul>\n<li style=\"list-style-type: none;\">\n<ul>\n<li style=\"list-style-type: none;\">\n<ul>\n<li>Myyntiautomaatit<\/li>\n<li>Kahvilaitteet<\/li>\n<li>Tankkaus<\/li>\n<li>Pys\u00e4k\u00f6inti<\/li>\n<li>Autopesu ja huoltamolaitteet<\/li>\n<li>S\u00e4hk\u00f6auton latauspisteet<\/li>\n<li>\n<div>Peliautomaatit ja huvilaitteet<\/div>\n<\/li>\n<li>\n<div>Muut itsepalvelulaitteet ja -tilat<\/div>\n<\/li>\n<\/ul>\n<\/li>\n<\/ul>\n<\/li>\n<\/ul>\n<h3><b>Laaja valikoima erilaisia tuoteratkaisuja <\/b><b>palveluiden toteuttamiseksi automaateissa ja itsepalvelulaitteissa:<\/b><\/h3>\n<ul>\n<li style=\"list-style-type: none;\">\n<ul>\n<li style=\"list-style-type: none;\">\n<ul>\n<li>\n<div>Maksup\u00e4\u00e4tteet<\/div>\n<\/li>\n<li>\n<div>Monipuoliset puhelinmaksuvaihtoehdot<\/div>\n<\/li>\n<li>\n<div>Rahalukot ja setelitunnistimet<\/div>\n<\/li>\n<li>\n<div>Et\u00e4valvonta ja tiedon keruu<\/div>\n<\/li>\n<li>\n<div>Online tilastoportaalit<\/div>\n<\/li>\n<li>\n<div>Hallinta ja taustaj\u00e4rjestelm\u00e4 &#8211; Mecsel VMS<\/div>\n<\/li>\n<li>\n<div>Pilvipalvelimella toimiva automaatin t\u00e4yspalveluj\u00e4rjestelm\u00e4 <b>F<\/b>ull <b>S<\/b>ervice <b>V<\/b>ending, <b>FSV <\/b>toiminnan ohjaamiseen<\/div>\n<\/li>\n<li>\n<div>Yritysten sis\u00e4inen korttij\u00e4rjestelm\u00e4 automaateille ja henkil\u00f6st\u00f6ruokailuun<\/div>\n<\/li>\n<\/ul>\n<\/li>\n<\/ul>\n<\/li>\n<\/ul>\n<p>Mecsel ratkaisut voidaan ottaa k\u00e4ytt\u00f6\u00f6n yhten\u00e4 kokonaisuutena tai erillisin\u00e4 tarpeellisina tuotteina.<\/p>\n<p><a title=\"N\u00e4in se toimii... \u00bb\" href=\"http:\/\/www.mecsel.com\/fi\/ratkaisut\/\">N\u00e4in se toimii&#8230; \u00bb<\/a><\/p>\n<div id=\"s-share-buttons\" class=\"\"><div class=\"s-single-share\">\n\t\t\t\t\t\t\t\t\t\t\t\t<div class=\"fb-share-button\" data-href=\"https:\/\/www.mecsel.com\/fi\/\" data-type=\"button\"><\/div>\n\t\t\t\t\t\t\t\t\t\t\t\t<\/div><div class=\"s-single-share\">\n\t\t\t\t\t\t\t\t\t\t\t\t<a href=\"https:\/\/twitter.com\/share\" class=\"twitter-share-button\" data-count=\"none\">Tweet<\/a>\n\t\t\t\t\t\t\t\t\t\t\t\t<\/div><div class=\"s-single-share\">\n\t\t\t\t\t\t\t\t\t\t\t\t\t<script type=\"IN\/Share\"><\/script>\n\t\t\t\t\t\t\t\t\t\t\t\t<\/div><div class=\"s-single-share\">\n\t\t\t\t\t\t\t\t\t\t\t\t<a href=\"mailto:?Subject=Mecsel%20palvelukokonaisuus&Body=Here%20is%20the%20link%20to%20the%20article:%20https:\/\/www.mecsel.com\/fi\/\" title=\"Email\" class=\"s3-email\"><img decoding=\"async\" src=\"https:\/\/www.mecsel.com\/wp-content\/plugins\/simple-social-share\/includes\/..\/images\/share-email.png\"><\/a>\n\t\t\t\t\t\t\t\t\t\t\t<\/div><\/div>","protected":false},"excerpt":{"rendered":"<p>MECSEL OY \u2013 Tarjoaa uusinta huipputekniikkaa olevia maksuratkaisuja itsepalvelu maksamiseen&#8230;<\/p>\n","protected":false},"author":18,"featured_media":0,"parent":0,"menu_order":1,"comment_status":"closed","ping_status":"closed","template":"page-etusivu.php","meta":{"footnotes":""},"class_list":["post-6","page","type-page","status-publish","hentry"],"_links":{"self":[{"href":"https:\/\/www.mecsel.com\/fi\/wp-json\/wp\/v2\/pages\/6","targetHints":{"allow":["GET"]}}],"collection":[{"href":"https:\/\/www.mecsel.com\/fi\/wp-json\/wp\/v2\/pages"}],"about":[{"href":"https:\/\/www.mecsel.com\/fi\/wp-json\/wp\/v2\/types\/page"}],"author":[{"embeddable":true,"href":"https:\/\/www.mecsel.com\/fi\/wp-json\/wp\/v2\/users\/18"}],"replies":[{"embeddable":true,"href":"https:\/\/www.mecsel.com\/fi\/wp-json\/wp\/v2\/comments?post=6"}],"version-history":[{"count":27,"href":"https:\/\/www.mecsel.com\/fi\/wp-json\/wp\/v2\/pages\/6\/revisions"}],"predecessor-version":[{"id":2058,"href":"https:\/\/www.mecsel.com\/fi\/wp-json\/wp\/v2\/pages\/6\/revisions\/2058"}],"wp:attachment":[{"href":"https:\/\/www.mecsel.com\/fi\/wp-json\/wp\/v2\/media?parent=6"}],"curies":[{"name":"wp","href":"https:\/\/api.w.org\/{rel}","templated":true}]}}