{"id":705,"date":"2014-10-04T11:36:40","date_gmt":"2014-10-04T08:36:40","guid":{"rendered":"\/?page_id=705"},"modified":"2014-11-11T22:35:32","modified_gmt":"2014-11-11T20:35:32","slug":"mecsel-payment-platform","status":"publish","type":"page","link":"https:\/\/www.mecsel.com\/fi\/ratkaisut\/mecsel-maksupalvelin\/","title":{"rendered":"Mecsel\u00ae maksupalvelin"},"content":{"rendered":"<p><\/p>\n<p><\/p>\n<h6>MAKSUPALVELIN ON MECSEL MAKSUNOHJAUKSEN SYD\u00c4N<br \/>\nASIAKKAAN TUNNISTAMINEN VOIDAAN MUUTTAA MAKSUTAPAHTUMAKSI<\/h6>\n<\/p>\n<p>J\u00e4rjestelm\u00e4 muuttaa k\u00e4sityksen maksupalvelimesta eli ns. maksuplatformista.<\/p>\n<p>Mecsel\u00ae Payment Platform palvelin yhdist\u00e4\u00e4 eri l\u00e4hteist\u00e4 tulevat maksutapahtumat samanlaiseksi tietojen vaihdoksi automaattien suuntaan.<br \/>\nErilaiset palvelut on yhdistetty yhdeksi tehokkaaksi kokonaisuudeksi.<br \/>\nYhteen hiottu kokonaistoimitus merkitsee asiakkaalle luotettavaa ja edullista toimintaa.<\/p>\n<p>Liikenne palvelimessa ja tapahtumien vaiheistus on dynaaminen ja sen takia joustava ja nopea.<\/p>\n<h6>J\u00e4rjestelm\u00e4 on tuo seuraavat edut:<\/h6>\n<ul style=\"padding: 0 0 0 20px;\">\n<li>Monitoiminen palvelin tuo pudottaa ulkopuolisten v\u00e4litt\u00e4jien kustannukset pois<\/li>\n<li>Dynaaminen tapahtumak\u00e4sittely on riippumaton ajoituksista ja pystyy joustavasti k\u00e4sittelem\u00e4\u00e4n isoja tapahtumamassoja<\/li>\n<li>Automaatilla voi olla k\u00e4yt\u00f6ss\u00e4 samaan aikaan monia eri maksutapoja rinnan<\/li>\n<li>Uusien maksutapojen k\u00e4ytt\u00f6\u00f6notto on helppoa<\/li>\n<li>Palvelimen ja automaatin v\u00e4linen Mecsel protokolla s\u00e4\u00e4st\u00e4\u00e4 Simmin datan kulutusta<\/li>\n<li>Automaatin puolella eri maksutavat k\u00e4sitell\u00e4\u00e4n aina samalla tavalla<\/li>\n<li>Pilvipalvelin on k\u00e4ytett\u00e4viss\u00e4 ajasta tai paikasta riippumatta<\/li>\n<\/ul>\n<p>&nbsp;<\/p>\n<p><img loading=\"lazy\" decoding=\"async\" class=\"alignleft wp-image-750 size-full\" src=\"\/wp-content\/uploads\/2014\/10\/mecsel_payment_platform_fi.jpg\" alt=\"\" width=\"993\" height=\"767\" srcset=\"https:\/\/www.mecsel.com\/wp-content\/uploads\/2014\/10\/mecsel_payment_platform_fi.jpg 993w, https:\/\/www.mecsel.com\/wp-content\/uploads\/2014\/10\/mecsel_payment_platform_fi-300x231.jpg 300w\" sizes=\"auto, (max-width: 993px) 100vw, 993px\" \/><\/p>\n<p><\/p>\n<div id=\"s-share-buttons\" class=\"\"><div class=\"s-single-share\">\n\t\t\t\t\t\t\t\t\t\t\t\t<div class=\"fb-share-button\" data-href=\"https:\/\/www.mecsel.com\/fi\/ratkaisut\/mecsel-maksupalvelin\/\" data-type=\"button\"><\/div>\n\t\t\t\t\t\t\t\t\t\t\t\t<\/div><div class=\"s-single-share\">\n\t\t\t\t\t\t\t\t\t\t\t\t<a href=\"https:\/\/twitter.com\/share\" class=\"twitter-share-button\" data-count=\"none\">Tweet<\/a>\n\t\t\t\t\t\t\t\t\t\t\t\t<\/div><div class=\"s-single-share\">\n\t\t\t\t\t\t\t\t\t\t\t\t\t<script type=\"IN\/Share\"><\/script>\n\t\t\t\t\t\t\t\t\t\t\t\t<\/div><div class=\"s-single-share\">\n\t\t\t\t\t\t\t\t\t\t\t\t<a href=\"mailto:?Subject=Mecsel\u00ae%20maksupalvelin&Body=Here%20is%20the%20link%20to%20the%20article:%20https:\/\/www.mecsel.com\/fi\/ratkaisut\/mecsel-maksupalvelin\/\" title=\"Email\" class=\"s3-email\"><img decoding=\"async\" src=\"https:\/\/www.mecsel.com\/wp-content\/plugins\/simple-social-share\/includes\/..\/images\/share-email.png\"><\/a>\n\t\t\t\t\t\t\t\t\t\t\t<\/div><\/div>","protected":false},"excerpt":{"rendered":"<p>MAKSUPALVELIN ON MECSEL MAKSUNOHJAUKSEN SYD\u00c4N ASIAKKAAN TUNNISTAMINEN VOIDAAN MUUTTAA MAKSUTAPAHTUMAKSI&#8230;<\/p>\n","protected":false},"author":5,"featured_media":66,"parent":348,"menu_order":4,"comment_status":"closed","ping_status":"closed","template":"page-solutions.php","meta":{"footnotes":""},"class_list":["post-705","page","type-page","status-publish","has-post-thumbnail","hentry"],"_links":{"self":[{"href":"https:\/\/www.mecsel.com\/fi\/wp-json\/wp\/v2\/pages\/705","targetHints":{"allow":["GET"]}}],"collection":[{"href":"https:\/\/www.mecsel.com\/fi\/wp-json\/wp\/v2\/pages"}],"about":[{"href":"https:\/\/www.mecsel.com\/fi\/wp-json\/wp\/v2\/types\/page"}],"author":[{"embeddable":true,"href":"https:\/\/www.mecsel.com\/fi\/wp-json\/wp\/v2\/users\/5"}],"replies":[{"embeddable":true,"href":"https:\/\/www.mecsel.com\/fi\/wp-json\/wp\/v2\/comments?post=705"}],"version-history":[{"count":5,"href":"https:\/\/www.mecsel.com\/fi\/wp-json\/wp\/v2\/pages\/705\/revisions"}],"predecessor-version":[{"id":746,"href":"https:\/\/www.mecsel.com\/fi\/wp-json\/wp\/v2\/pages\/705\/revisions\/746"}],"up":[{"embeddable":true,"href":"https:\/\/www.mecsel.com\/fi\/wp-json\/wp\/v2\/pages\/348"}],"wp:featuredmedia":[{"embeddable":true,"href":"https:\/\/www.mecsel.com\/fi\/wp-json\/wp\/v2\/media\/66"}],"wp:attachment":[{"href":"https:\/\/www.mecsel.com\/fi\/wp-json\/wp\/v2\/media?parent=705"}],"curies":[{"name":"wp","href":"https:\/\/api.w.org\/{rel}","templated":true}]}}