{"id":75,"date":"2014-08-12T15:49:02","date_gmt":"2014-08-12T12:49:02","guid":{"rendered":"\/?page_id=75"},"modified":"2014-10-16T23:52:51","modified_gmt":"2014-10-16T20:52:51","slug":"vending-machines","status":"publish","type":"page","link":"https:\/\/www.mecsel.com\/fi\/kayttoymparistot\/myyntiautomaatit\/","title":{"rendered":"Myyntiautomaatit"},"content":{"rendered":"<p><\/p>\n<h6><img loading=\"lazy\" decoding=\"async\" class=\"alignright wp-image-1014\" style=\"max-width: 30%;\" src=\"\/wp-content\/uploads\/2014\/08\/vending_300x300.png\" alt=\"\" width=\"150\" height=\"150\" srcset=\"https:\/\/www.mecsel.com\/wp-content\/uploads\/2014\/08\/vending_300x300.png 300w, https:\/\/www.mecsel.com\/wp-content\/uploads\/2014\/08\/vending_300x300-150x150.png 150w\" sizes=\"auto, (max-width: 150px) 100vw, 150px\" \/>MAKSAMINEN<\/h6>\n<p>Mecsel mahdollistaa automaatissa maksamisen kaikilla maksuv\u00e4lineill\u00e4 kuten:<\/p>\n<ul style=\"padding: 0 0 0 20px;\">\n<li>kolikot<\/li>\n<li>setelit<\/li>\n<li>kortit<\/li>\n<li>tekstiviestit<\/li>\n<li>\u00e4lypuhelimen sovelluksella<\/li>\n<\/ul>\n<h6>ET\u00c4VALVONTA<\/h6>\n<p>Mecsel\u00ae Smart automaattilaite mahdollistaa k\u00e4nnykk\u00e4maksamisen ohella et\u00e4valvonnan ja tilastot ja automaattien teknisen ja kaupallisen hallinnoinnin.<\/p>\n<h6>TAUSTAJ\u00c4RJESTELM\u00c4<\/h6>\n<p>Mecsel Oy:n pilvipalvelimella toimiva automaattij\u00e4rjestelm\u00e4 VMS <strong>V<\/strong>ending <strong>M<\/strong>achine <strong>S<\/strong>ystem, antaa reaaliaikaista tietoa automaattien toimintakyvyst\u00e4 aina kattavaan automaattiliiketoiminnan py\u00f6ritt\u00e4miseen saakka.<\/p>\n<p>K\u00e4ytett\u00e4viss\u00e4 on ajantasaista tietoa myynneist\u00e4, kassavirrasta, ja tuotteista. Pilvipalvelimella oleva tieto on aina saatavissa p\u00e4\u00e4telaitteella paikasta ja ajasta riippumatta.<\/p>\n<p>Mecsel Oy:n pilvipalvelimella toimiva automaattien t\u00e4yspalveluohjelma, FSV <strong>F<\/strong>ull <strong>S<\/strong>ervice <strong>V<\/strong>ending taustaj\u00e4rjestelm\u00e4 sis\u00e4lt\u00e4\u00e4 my\u00f6s automaattiliiketoimintaan suunnitellun logistiikkaohjauksen. Tuotevarastot, tuotteet autossa ja automaateissa voidaan p\u00e4ivitt\u00e4\u00e4 Android -toimisella laiteriippumattomalla kannettavalla p\u00e4\u00e4tteell\u00e4 tai PC:ll\u00e4.<\/p>\n<p>J\u00e4rjestelm\u00e4 antaa dynaamista tietoa reitin suunnitteluun ja automaattit\u00e4ytt\u00f6ihin.<\/p>\n<div id=\"s-share-buttons\" class=\"\"><div class=\"s-single-share\">\n\t\t\t\t\t\t\t\t\t\t\t\t<div class=\"fb-share-button\" data-href=\"https:\/\/www.mecsel.com\/fi\/kayttoymparistot\/myyntiautomaatit\/\" data-type=\"button\"><\/div>\n\t\t\t\t\t\t\t\t\t\t\t\t<\/div><div class=\"s-single-share\">\n\t\t\t\t\t\t\t\t\t\t\t\t<a href=\"https:\/\/twitter.com\/share\" class=\"twitter-share-button\" data-count=\"none\">Tweet<\/a>\n\t\t\t\t\t\t\t\t\t\t\t\t<\/div><div class=\"s-single-share\">\n\t\t\t\t\t\t\t\t\t\t\t\t\t<script type=\"IN\/Share\"><\/script>\n\t\t\t\t\t\t\t\t\t\t\t\t<\/div><div class=\"s-single-share\">\n\t\t\t\t\t\t\t\t\t\t\t\t<a href=\"mailto:?Subject=Myyntiautomaatit&Body=Here%20is%20the%20link%20to%20the%20article:%20https:\/\/www.mecsel.com\/fi\/kayttoymparistot\/myyntiautomaatit\/\" title=\"Email\" class=\"s3-email\"><img decoding=\"async\" src=\"https:\/\/www.mecsel.com\/wp-content\/plugins\/simple-social-share\/includes\/..\/images\/share-email.png\"><\/a>\n\t\t\t\t\t\t\t\t\t\t\t<\/div><\/div>","protected":false},"excerpt":{"rendered":"<p>MAKSAMINEN Mecsel mahdollistaa automaatissa maksamisen kaikilla maksuv\u00e4lineill\u00e4 kuten: kolikot setelit&#8230;<\/p>\n","protected":false},"author":3,"featured_media":66,"parent":14,"menu_order":0,"comment_status":"closed","ping_status":"closed","template":"page-user-environments.php","meta":{"footnotes":""},"class_list":["post-75","page","type-page","status-publish","has-post-thumbnail","hentry"],"_links":{"self":[{"href":"https:\/\/www.mecsel.com\/fi\/wp-json\/wp\/v2\/pages\/75","targetHints":{"allow":["GET"]}}],"collection":[{"href":"https:\/\/www.mecsel.com\/fi\/wp-json\/wp\/v2\/pages"}],"about":[{"href":"https:\/\/www.mecsel.com\/fi\/wp-json\/wp\/v2\/types\/page"}],"author":[{"embeddable":true,"href":"https:\/\/www.mecsel.com\/fi\/wp-json\/wp\/v2\/users\/3"}],"replies":[{"embeddable":true,"href":"https:\/\/www.mecsel.com\/fi\/wp-json\/wp\/v2\/comments?post=75"}],"version-history":[{"count":5,"href":"https:\/\/www.mecsel.com\/fi\/wp-json\/wp\/v2\/pages\/75\/revisions"}],"predecessor-version":[{"id":827,"href":"https:\/\/www.mecsel.com\/fi\/wp-json\/wp\/v2\/pages\/75\/revisions\/827"}],"up":[{"embeddable":true,"href":"https:\/\/www.mecsel.com\/fi\/wp-json\/wp\/v2\/pages\/14"}],"wp:featuredmedia":[{"embeddable":true,"href":"https:\/\/www.mecsel.com\/fi\/wp-json\/wp\/v2\/media\/66"}],"wp:attachment":[{"href":"https:\/\/www.mecsel.com\/fi\/wp-json\/wp\/v2\/media?parent=75"}],"curies":[{"name":"wp","href":"https:\/\/api.w.org\/{rel}","templated":true}]}}