{"id":8,"date":"2014-08-07T16:48:15","date_gmt":"2014-08-07T13:48:15","guid":{"rendered":"\/?page_id=8"},"modified":"2025-10-27T16:52:40","modified_gmt":"2025-10-27T14:52:40","slug":"company","status":"publish","type":"page","link":"https:\/\/www.mecsel.com\/fi\/yritys\/","title":{"rendered":"Yritys"},"content":{"rendered":"<p><\/p>\n<h6><strong>MECSEL OY &#8211; ITSEPALVELUAUTOMAATTIEN MAKSUJ\u00c4RJESTELMIEN EDELL\u00c4K\u00c4VIJ\u00c4\u00a0<\/strong><\/h6>\n<p>Perustettu vuonna 1991, Mecsel Oy on yksityinen ja riippumaton maksuj\u00e4rjestelm\u00e4toimittaja, joka on erikoistunut automaattien ja itsepalvelulaitteiden kokonaisratkaisuihin. Mecsel tarjoaa palveluitaan t\u00e4ll\u00e4 hetkell\u00e4 Pohjoismaissa ja Baltiassa. Yrityksen kotipaikka sijaitsee Helsingiss\u00e4.<\/p>\n<h6>INNOVAATIIVISTA TEKNOLOGIAA JA KEHITTYNEIT\u00c4 MAKSUJ\u00c4RJESTELMI\u00c4<\/h6>\n<p>Mecsel Oy:n toiminta pohjautuu vahvaan tuotekehitykseen, joka on mahdollistanut yh\u00e4 useamman myyntiautomaatin ja itsepalvelulaitteen siirtymisen online-yhteyksiin. T\u00e4m\u00e4 kehitys on avannut ovet uusille maksutavoille ja tehokkaalle et\u00e4valvonnalle, jotka parantavat kuluttajien k\u00e4ytt\u00f6mukavuutta, palveluntarjoajan liiketoiminnan hallintaa ja lis\u00e4\u00e4v\u00e4t kokonaismyynti\u00e4. Kehit\u00e4mme jatkuvasti palveluratkaisuja, jotta kuluttajan olisi helpompaa ja nopeampaa ostaa automaateista ja itsepalvelulaitteista, jolloin palvelun tarjoajan liiketoiminta on kannattavampaa.<\/p>\n<p>Mecselin valmistamat telemetrialaitteet ovat kotimaista teknologiaa, tarjoten luotettavuutta ja suorituskyky\u00e4 vaativissakin olosuhteissa. Innovaatioidemme taustalla on pitk\u00e4j\u00e4nteinen tuotekehitys sek\u00e4 l\u00e4heinen yhteisty\u00f6 asiakasyritysten kanssa.<\/p>\n<h6><b>UUDET MAKSURATKAISUT JA KULUTTAJAL\u00c4HT\u00d6INEN K\u00c4YTT\u00d6KOKEMUS\u00a0<\/b><\/h6>\n<p>Mecselin tarjoamat, markkinoiden uusimmat, maksuratkaisut tuovat automaattipalveluja tarjoaville yrityksille mahdollisuuden kasvattaa automaattien myynti\u00e4 helposti ja vaivattomasti. Laajasta maksuratkaisu valikoimasta l\u00f6ytyy sopiva maksuratkaisu erilaisiin tarpeisiin ja k\u00e4ytt\u00f6kohteisiin.<\/p>\n<p>Kuluttajille Mecselin maksuratkaisut tarjoavat modernin, helpon ja vaivattoman ostokokemuksen automaateissa ja itsepalvelulaitteissa. Ostaminen sujuu nopeasti ja turvallisesti.<\/p>\n<p>Uudet maksuratkaisut lis\u00e4\u00e4v\u00e4t automaattien k\u00e4ytt\u00f6\u00e4 ja myynti\u00e4, sek\u00e4 parantavat automaattitoiminnan kannattavuutta.<\/p>\n<h6><b>KOKONAISVALTAINEN HALLINTA JA REAALIAIKAINEN ET\u00c4VALVONTA\u00a0<\/b><\/h6>\n<div>\n<div>Mecselin kehitt\u00e4m\u00e4t palveluratkaisut mahdollistavat automaattipalveluja tarjoaville yrityksille liiketoimintansa kokonaisvaltaisen hallinnan \u2013 ohjauksen, valvonnan ja seurannan \u2013 kaikki yhdess\u00e4 j\u00e4rjestelm\u00e4ss\u00e4.<\/div>\n<div><\/div>\n<\/div>\n<div>Et\u00e4valvontaratkaisumme tarjoavat reaaliaikaista tietoa automaattien toiminnasta ja tuotemyynnist\u00e4 \u00a0jatkuvasti online Mecsel palvelimen kautta tai suoraan integroituna asiakkaan taustaj\u00e4rjestelm\u00e4\u00e4n. N\u00e4in varmistetaan ajantasainen seuranta, sujuvampi hallinta ja kannattavampi liiketoiminta.<\/div>\n<div><\/div>\n<div>\n<li data-start=\"640\" data-end=\"752\">Reaaliaikainen tiedonkeruu<\/li>\n<li data-start=\"640\" data-end=\"752\">Saumaton j\u00e4rjestelm\u00e4integraatio<\/li>\n<li data-start=\"640\" data-end=\"752\">Kattava ohjaus yhdest\u00e4 k\u00e4ytt\u00f6liittym\u00e4st\u00e4<\/li>\n<li data-start=\"640\" data-end=\"752\">Taloudellisesti kannattavampaa liiketoimintaa<\/li>\n<\/div>\n<div><\/div>\n<div>\n<h6><b>MAAILMAN ENSIMM\u00c4INEN MOBIILIOSTOS MYYNTIAUTOMAATISSA &#8211; MECSELIN TEKNIIKALLA JO VUONNA 1999<\/b><b><\/b><\/h6>\n<p>Mecsel Oy teki historiaa vuonna 1999 mahdollistamalla maailman ensimm\u00e4isen mobiiliostoksen MDB-yhteensopivassa myyntiautomaatissa. T\u00e4h\u00e4n innovaatioon liittyv\u00e4 laaja menetelm\u00e4patenttihakemus julkaistiin 24. maaliskuuta 2000, jota esiteltiin ymp\u00e4ri maailmaa. Mecselin osaaminen edistyksellist\u00e4 teknologioista antoi merkitt\u00e4v\u00e4n panoksen mobiilimaksamisen syntymiseen ja sen historiaan.<\/p>\n<\/div>\n<div>\n<h6><b>LAAJA TUOTEVALIKOIMA &#8211; KAIKKI YHDESS\u00c4 KOKONAISUUDESSA\u00a0<\/b><\/h6>\n<p>Mecsel Oy tarjoaa kattavan kokonaisratkaisun, joka sis\u00e4lt\u00e4\u00e4 kaupalliset ja tekniset menetelm\u00e4t, korkealaatuiset laitteistot sek\u00e4 sovellusohjelmat. Yhdess\u00e4 ne muodostavat toimivan kokonaisuuden, joka mahdollistaa luotettavan itsepalvelumaksamisen\u00a0ja reaaliaikaisen et\u00e4valvonnan \u2013 riippumatta toimialasta tai sijainnista.<\/p>\n<h6>HENKIL\u00d6TIETOSUOJA &#8211; TURVALLISTA JA LUOTETTAVAA MAKSAMISTA<\/h6>\n<p>Mecsel Oy v\u00e4litt\u00e4\u00e4 maksutiedot turvallisesti myyntiautomaatteihin, varmistaen sujuvan ja luotettavan maksukokemuksen. Tietoturva ja yksityisyydensuoja ovat toimintamme ytimess\u00e4. Lataa Mecsel GPDR tietosuojaseloste,<\/p>\n<\/div>\n<p><a href=\"https:\/\/www.mecsel.com\/wp-content\/uploads\/2020\/03\/mecsel_gdpr_fi.pdf\">MECSEL_SMS_ASIAKASTIETOREKISTERI<\/a><\/p>\n<div id=\"s-share-buttons\" class=\"\"><div class=\"s-single-share\">\n\t\t\t\t\t\t\t\t\t\t\t\t<div class=\"fb-share-button\" data-href=\"https:\/\/www.mecsel.com\/fi\/yritys\/\" data-type=\"button\"><\/div>\n\t\t\t\t\t\t\t\t\t\t\t\t<\/div><div class=\"s-single-share\">\n\t\t\t\t\t\t\t\t\t\t\t\t<a href=\"https:\/\/twitter.com\/share\" class=\"twitter-share-button\" data-count=\"none\">Tweet<\/a>\n\t\t\t\t\t\t\t\t\t\t\t\t<\/div><div class=\"s-single-share\">\n\t\t\t\t\t\t\t\t\t\t\t\t\t<script type=\"IN\/Share\"><\/script>\n\t\t\t\t\t\t\t\t\t\t\t\t<\/div><div class=\"s-single-share\">\n\t\t\t\t\t\t\t\t\t\t\t\t<a href=\"mailto:?Subject=Yritys&Body=Here%20is%20the%20link%20to%20the%20article:%20https:\/\/www.mecsel.com\/fi\/yritys\/\" title=\"Email\" class=\"s3-email\"><img decoding=\"async\" src=\"https:\/\/www.mecsel.com\/wp-content\/plugins\/simple-social-share\/includes\/..\/images\/share-email.png\"><\/a>\n\t\t\t\t\t\t\t\t\t\t\t<\/div><\/div>","protected":false},"excerpt":{"rendered":"<p>MECSEL OY &#8211; ITSEPALVELUAUTOMAATTIEN MAKSUJ\u00c4RJESTELMIEN EDELL\u00c4K\u00c4VIJ\u00c4\u00a0 Perustettu vuonna 1991, Mecsel&#8230;<\/p>\n","protected":false},"author":18,"featured_media":66,"parent":0,"menu_order":2,"comment_status":"closed","ping_status":"closed","template":"page-company.php","meta":{"footnotes":""},"class_list":["post-8","page","type-page","status-publish","has-post-thumbnail","hentry"],"_links":{"self":[{"href":"https:\/\/www.mecsel.com\/fi\/wp-json\/wp\/v2\/pages\/8","targetHints":{"allow":["GET"]}}],"collection":[{"href":"https:\/\/www.mecsel.com\/fi\/wp-json\/wp\/v2\/pages"}],"about":[{"href":"https:\/\/www.mecsel.com\/fi\/wp-json\/wp\/v2\/types\/page"}],"author":[{"embeddable":true,"href":"https:\/\/www.mecsel.com\/fi\/wp-json\/wp\/v2\/users\/18"}],"replies":[{"embeddable":true,"href":"https:\/\/www.mecsel.com\/fi\/wp-json\/wp\/v2\/comments?post=8"}],"version-history":[{"count":17,"href":"https:\/\/www.mecsel.com\/fi\/wp-json\/wp\/v2\/pages\/8\/revisions"}],"predecessor-version":[{"id":2076,"href":"https:\/\/www.mecsel.com\/fi\/wp-json\/wp\/v2\/pages\/8\/revisions\/2076"}],"wp:featuredmedia":[{"embeddable":true,"href":"https:\/\/www.mecsel.com\/fi\/wp-json\/wp\/v2\/media\/66"}],"wp:attachment":[{"href":"https:\/\/www.mecsel.com\/fi\/wp-json\/wp\/v2\/media?parent=8"}],"curies":[{"name":"wp","href":"https:\/\/api.w.org\/{rel}","templated":true}]}}