{"id":85,"date":"2014-08-13T14:15:26","date_gmt":"2014-08-13T11:15:26","guid":{"rendered":"\/?page_id=85"},"modified":"2014-08-28T17:32:59","modified_gmt":"2014-08-28T14:32:59","slug":"test-reference","status":"publish","type":"page","link":"https:\/\/www.mecsel.com\/fi\/referenssit-3\/testireferenssi\/","title":{"rendered":"Testireferenssi"},"content":{"rendered":"<p class=\"qtranxs-available-languages-message qtranxs-available-languages-message-fi\">Anteeksi, mutta t\u00e4m\u00e4 kirjoitus on saatavana ainoastaan n\u00e4ill\u00e4 kielill\u00e4: <a href=\"https:\/\/www.mecsel.com\/en\/wp-json\/wp\/v2\/pages\/85\" class=\"qtranxs-available-language-link qtranxs-available-language-link-en\" title=\"EN\">EN<\/a>.<\/p>","protected":false},"excerpt":{"rendered":"<p>Anteeksi, mutta t\u00e4m\u00e4 kirjoitus on saatavana ainoastaan n\u00e4ill\u00e4 kielill\u00e4: EN.<\/p>\n","protected":false},"author":3,"featured_media":66,"parent":15,"menu_order":0,"comment_status":"closed","ping_status":"closed","template":"page-references.php","meta":{"footnotes":""},"class_list":["post-85","page","type-page","status-publish","has-post-thumbnail","hentry"],"_links":{"self":[{"href":"https:\/\/www.mecsel.com\/fi\/wp-json\/wp\/v2\/pages\/85","targetHints":{"allow":["GET"]}}],"collection":[{"href":"https:\/\/www.mecsel.com\/fi\/wp-json\/wp\/v2\/pages"}],"about":[{"href":"https:\/\/www.mecsel.com\/fi\/wp-json\/wp\/v2\/types\/page"}],"author":[{"embeddable":true,"href":"https:\/\/www.mecsel.com\/fi\/wp-json\/wp\/v2\/users\/3"}],"replies":[{"embeddable":true,"href":"https:\/\/www.mecsel.com\/fi\/wp-json\/wp\/v2\/comments?post=85"}],"version-history":[{"count":4,"href":"https:\/\/www.mecsel.com\/fi\/wp-json\/wp\/v2\/pages\/85\/revisions"}],"predecessor-version":[{"id":711,"href":"https:\/\/www.mecsel.com\/fi\/wp-json\/wp\/v2\/pages\/85\/revisions\/711"}],"up":[{"embeddable":true,"href":"https:\/\/www.mecsel.com\/fi\/wp-json\/wp\/v2\/pages\/15"}],"wp:featuredmedia":[{"embeddable":true,"href":"https:\/\/www.mecsel.com\/fi\/wp-json\/wp\/v2\/media\/66"}],"wp:attachment":[{"href":"https:\/\/www.mecsel.com\/fi\/wp-json\/wp\/v2\/media?parent=85"}],"curies":[{"name":"wp","href":"https:\/\/api.w.org\/{rel}","templated":true}]}}